{"id":877,"date":"2023-06-06T12:07:01","date_gmt":"2023-06-06T18:07:01","guid":{"rendered":"https:\/\/wptf.themepul.co\/tronix\/?page_id=877"},"modified":"2024-11-14T10:41:26","modified_gmt":"2024-11-14T16:41:26","slug":"nosotros","status":"publish","type":"page","link":"https:\/\/beaconlab.us\/es\/nosotros\/","title":{"rendered":"Nosotros"},"content":{"rendered":"\t\t<div data-elementor-type=\"wp-page\" data-elementor-id=\"877\" class=\"elementor elementor-877\" data-elementor-post-type=\"page\">\n\t\t\t\t<div class=\"elementor-element elementor-element-a857182 e-con-full e-flex e-con e-parent\" data-id=\"a857182\" data-element_type=\"container\" data-e-type=\"container\" data-settings=\"{&quot;background_background&quot;:&quot;classic&quot;}\">\n\t\t<div class=\"elementor-element elementor-element-40d6d6d e-flex e-con-boxed e-con e-child\" data-id=\"40d6d6d\" data-element_type=\"container\" data-e-type=\"container\">\n\t\t\t\t\t<div class=\"e-con-inner\">\n\t\t\t\t<div class=\"elementor-element elementor-element-4270577 elementor-widget elementor-widget-heading\" data-id=\"4270577\" data-element_type=\"widget\" data-e-type=\"widget\" data-widget_type=\"heading.default\">\n\t\t\t\t<div class=\"elementor-widget-container\">\n\t\t\t\t\t<h1 class=\"elementor-heading-title elementor-size-default\">Nosotros\n<\/h1>\t\t\t\t<\/div>\n\t\t\t\t<\/div>\n\t\t\t\t\t<\/div>\n\t\t\t\t<\/div>\n\t\t\t\t<\/div>\n\t\t<div class=\"elementor-element elementor-element-c8316e5 e-flex e-con-boxed e-con e-parent\" data-id=\"c8316e5\" data-element_type=\"container\" data-e-type=\"container\">\n\t\t\t\t\t<div class=\"e-con-inner\">\n\t\t\t\t<div class=\"elementor-element elementor-element-3d0c71c elementor-widget elementor-widget-heading\" data-id=\"3d0c71c\" data-element_type=\"widget\" data-e-type=\"widget\" data-widget_type=\"heading.default\">\n\t\t\t\t<div class=\"elementor-widget-container\">\n\t\t\t\t\t<h2 class=\"elementor-heading-title elementor-size-default\">\u00bfQui\u00e9nes somos?\n<\/h2>\t\t\t\t<\/div>\n\t\t\t\t<\/div>\n\t\t\t\t<div class=\"elementor-element elementor-element-0fdf12d elementor-widget__width-initial elementor-widget elementor-widget-text-editor\" data-id=\"0fdf12d\" data-element_type=\"widget\" data-e-type=\"widget\" data-widget_type=\"text-editor.default\">\n\t\t\t\t<div class=\"elementor-widget-container\">\n\t\t\t\t\t\t\t\t\t<p>En BeaconLab somos un Equipo de Respuesta a Incidentes tambi\u00e9n llamados CSIRT, estamos compuesto por un grupo de profesionales altamente capacitados con base en la I+D con conocimientos t\u00e9cnicos avanzados y experiencia en la detecci\u00f3n, an\u00e1lisis, contenci\u00f3n y recuperaci\u00f3n de incidentes de seguridad. Nos dedicamos a la gesti\u00f3n eficiente de incidentes cibern\u00e9ticos para proveer las mejores soluciones para mitigrar sus incidentes de seguridad. Como parte de Cybolt, l\u00edder en servicios de seguridad administrada de activos digitales, estamos comprometido en garantizar la integridad de los sistemas y datos de nuestros clientes.El equipo BeaconLab forma parte de FIRST (Forum of Incident Response and Security Teams), la organizaci\u00f3n principal y l\u00edder reconocida a nivel global que re\u00fane equipos internacionales de respuesta a incidentes de diversas organizaciones gubernamentales, comerciales y educativas, promoviendo la cooperaci\u00f3n en materia de incidentes y el intercambio de informaci\u00f3n.<\/p>\t\t\t\t\t\t\t\t<\/div>\n\t\t\t\t<\/div>\n\t\t\t\t\t<\/div>\n\t\t\t\t<\/div>\n\t\t<div class=\"elementor-element elementor-element-86ebd99 e-flex e-con-boxed e-con e-parent\" data-id=\"86ebd99\" data-element_type=\"container\" data-e-type=\"container\" data-settings=\"{&quot;background_background&quot;:&quot;classic&quot;}\">\n\t\t\t\t\t<div class=\"e-con-inner\">\n\t\t<div class=\"elementor-element elementor-element-0627cc7 e-con-full e-flex e-con e-child\" data-id=\"0627cc7\" data-element_type=\"container\" data-e-type=\"container\">\n\t\t\t\t<div class=\"elementor-element elementor-element-b630f66 elementor-widget elementor-widget-heading\" data-id=\"b630f66\" data-element_type=\"widget\" data-e-type=\"widget\" data-widget_type=\"heading.default\">\n\t\t\t\t<div class=\"elementor-widget-container\">\n\t\t\t\t\t<h3 class=\"elementor-heading-title elementor-size-default\">Nuestra Identidad:<\/h3>\t\t\t\t<\/div>\n\t\t\t\t<\/div>\n\t\t\t\t<div class=\"elementor-element elementor-element-e174eea elementor-widget elementor-widget-text-editor\" data-id=\"e174eea\" data-element_type=\"widget\" data-e-type=\"widget\" data-widget_type=\"text-editor.default\">\n\t\t\t\t<div class=\"elementor-widget-container\">\n\t\t\t\t\t\t\t\t\t<p>Somos la manifestaci\u00f3n de la experiencia, el compromiso y la excelencia en ciberseguridad. En un mundo donde las amenazas cibern\u00e9ticas evolucionan constantemente, estamos aqu\u00ed para ser su socio confiable en la protecci\u00f3n de su entorno digital.<\/p>\t\t\t\t\t\t\t\t<\/div>\n\t\t\t\t<\/div>\n\t\t\t\t<div class=\"elementor-element elementor-element-063914a elementor-widget elementor-widget-heading\" data-id=\"063914a\" data-element_type=\"widget\" data-e-type=\"widget\" data-widget_type=\"heading.default\">\n\t\t\t\t<div class=\"elementor-widget-container\">\n\t\t\t\t\t<h3 class=\"elementor-heading-title elementor-size-default\">Nuestra Misi\u00f3n:<\/h3>\t\t\t\t<\/div>\n\t\t\t\t<\/div>\n\t\t\t\t<div class=\"elementor-element elementor-element-2384a98 elementor-widget elementor-widget-text-editor\" data-id=\"2384a98\" data-element_type=\"widget\" data-e-type=\"widget\" data-widget_type=\"text-editor.default\">\n\t\t\t\t<div class=\"elementor-widget-container\">\n\t\t\t\t\t\t\t\t\t<p>Nuestra misi\u00f3n es responder de manera efectiva y r\u00e1pida a los incidentes cibern\u00e9ticos, minimizando los impactos brindando apoyo cr\u00edtico en momentos de crisis, protegiendo la informaci\u00f3n sensible de nuestros clientes. A trav\u00e9s de nuestra experiencia y conocimientos t\u00e9cnicos, ofrecemos soluciones confiables para mitigar riesgos y fortalecer la seguridad digital.<\/p>\t\t\t\t\t\t\t\t<\/div>\n\t\t\t\t<\/div>\n\t\t\t\t<\/div>\n\t\t<div class=\"elementor-element elementor-element-04e2024 e-con-full e-flex e-con e-child\" data-id=\"04e2024\" data-element_type=\"container\" data-e-type=\"container\" data-settings=\"{&quot;background_background&quot;:&quot;classic&quot;}\">\n\t\t\t\t<div class=\"elementor-element elementor-element-de5f6bf elementor-widget elementor-widget-heading\" data-id=\"de5f6bf\" data-element_type=\"widget\" data-e-type=\"widget\" data-widget_type=\"heading.default\">\n\t\t\t\t<div class=\"elementor-widget-container\">\n\t\t\t\t\t<h3 class=\"elementor-heading-title elementor-size-default\">Lo que nos distingue:<\/h3>\t\t\t\t<\/div>\n\t\t\t\t<\/div>\n\t\t\t\t<div class=\"elementor-element elementor-element-283221e elementor-widget elementor-widget-text-editor\" data-id=\"283221e\" data-element_type=\"widget\" data-e-type=\"widget\" data-widget_type=\"text-editor.default\">\n\t\t\t\t<div class=\"elementor-widget-container\">\n\t\t\t\t\t\t\t\t\t<ul><li><strong>Experiencia Profesional:<\/strong> Nuestro equipo est\u00e1 compuesto por expertos altamente calificados en ciberseguridad, con a\u00f1os de experiencia en la gesti\u00f3n de incidentes y la protecci\u00f3n de activos digitales.<br \/><br \/><\/li><li><strong>Servicio Personalizado:<\/strong> Abordamos cada desaf\u00edo de manera \u00fanica, adaptando nuestras soluciones a las necesidades espec\u00edficas de nuestros clientes.<br \/><br \/><\/li><li><strong>Disponibilidad 24\/7:<\/strong> Los ciberataques no conocen horarios, y nosotros tampoco. Estamos disponibles las 24 horas del d\u00eda, los 7 d\u00edas de la semana para responder a incidentes de seguridad en tiempo real.<br \/><br \/><\/li><li><strong>Colaboraci\u00f3n Activa:<\/strong> Fomentamos la colaboraci\u00f3n y la comunicaci\u00f3n constante con nuestros clientes, trabajando juntos como un equipo para fortalecer su seguridad cibern\u00e9tica.<\/li><\/ul>\t\t\t\t\t\t\t\t<\/div>\n\t\t\t\t<\/div>\n\t\t\t\t<\/div>\n\t\t\t\t\t<\/div>\n\t\t\t\t<\/div>\n\t\t<div class=\"elementor-element elementor-element-771e2b7 e-flex e-con-boxed e-con e-parent\" data-id=\"771e2b7\" data-element_type=\"container\" data-e-type=\"container\" data-settings=\"{&quot;background_background&quot;:&quot;classic&quot;}\">\n\t\t\t\t\t<div class=\"e-con-inner\">\n\t\t<div class=\"elementor-element elementor-element-8a45ab2 e-con-full e-flex e-con e-child\" data-id=\"8a45ab2\" data-element_type=\"container\" data-e-type=\"container\">\n\t\t\t\t<div class=\"elementor-element elementor-element-123580e elementor-widget elementor-widget-heading\" data-id=\"123580e\" data-element_type=\"widget\" data-e-type=\"widget\" data-widget_type=\"heading.default\">\n\t\t\t\t<div class=\"elementor-widget-container\">\n\t\t\t\t\t<h2 class=\"elementor-heading-title elementor-size-default\">Nuestros Servicios\n<\/h2>\t\t\t\t<\/div>\n\t\t\t\t<\/div>\n\t\t\t\t<div class=\"elementor-element elementor-element-b4b5754 elementor-widget__width-initial elementor-widget elementor-widget-text-editor\" data-id=\"b4b5754\" data-element_type=\"widget\" data-e-type=\"widget\" data-widget_type=\"text-editor.default\">\n\t\t\t\t<div class=\"elementor-widget-container\">\n\t\t\t\t\t\t\t\t\t<p><span style=\"color: #7b7e86; font-family: Outfit, sans-serif; font-size: 16px; font-style: normal; font-variant-ligatures: normal; font-variant-caps: normal; font-weight: 400; letter-spacing: normal; orphans: 2; text-align: center; text-indent: 0px; text-transform: none; widows: 2; word-spacing: 0px; -webkit-text-stroke-width: 0px; white-space: normal; background-color: #ffffff; text-decoration-thickness: initial; text-decoration-style: initial; text-decoration-color: initial; display: inline !important; float: none;\">Para fortalecer sus defensas y fomentar un ecosistema de ciberseguridad sano dentro de su organizaci\u00f3n proveemos diversos servicios para ayudar a proteger sus activos antes y durante un ciber-incidente<\/span><\/p>\t\t\t\t\t\t\t\t<\/div>\n\t\t\t\t<\/div>\n\t\t\t\t<\/div>\n\t\t\t\t\t<\/div>\n\t\t\t\t<\/div>\n\t\t<div class=\"elementor-element elementor-element-838eeeb e-flex e-con-boxed e-con e-parent\" data-id=\"838eeeb\" data-element_type=\"container\" data-e-type=\"container\">\n\t\t\t\t\t<div class=\"e-con-inner\">\n\t\t<div class=\"elementor-element elementor-element-2f86b2d e-con-full e-flex e-con e-child\" data-id=\"2f86b2d\" data-element_type=\"container\" data-e-type=\"container\" data-settings=\"{&quot;background_background&quot;:&quot;classic&quot;}\">\n\t\t\t\t<div class=\"elementor-element elementor-element-158dd3b elementor-view-stacked elementor-shape-circle elementor-position-block-start elementor-mobile-position-block-start elementor-widget elementor-widget-icon-box\" data-id=\"158dd3b\" data-element_type=\"widget\" data-e-type=\"widget\" data-widget_type=\"icon-box.default\">\n\t\t\t\t<div class=\"elementor-widget-container\">\n\t\t\t\t\t\t\t<div class=\"elementor-icon-box-wrapper\">\n\n\t\t\t\t\t\t<div class=\"elementor-icon-box-icon\">\n\t\t\t\t<a href=\"\/es\/gestion-incidentes\/\" class=\"elementor-icon\" tabindex=\"-1\" aria-label=\"Gesti\u00f3n de Incidentes\">\n\t\t\t\t<i aria-hidden=\"true\" class=\"fas fa-toolbox\"><\/i>\t\t\t\t<\/a>\n\t\t\t<\/div>\n\t\t\t\n\t\t\t\t\t\t<div class=\"elementor-icon-box-content\">\n\n\t\t\t\t\t\t\t\t\t<h3 class=\"elementor-icon-box-title\">\n\t\t\t\t\t\t<a href=\"\/es\/gestion-incidentes\/\" >\n\t\t\t\t\t\t\tGesti\u00f3n de Incidentes\t\t\t\t\t\t<\/a>\n\t\t\t\t\t<\/h3>\n\t\t\t\t\n\t\t\t\t\t\t\t\t\t<p class=\"elementor-icon-box-description\">\n\t\t\t\t\t\tPrevenci\u00f3n y respuesta: ciberseguridad en acci\u00f3n.\t\t\t\t\t<\/p>\n\t\t\t\t\n\t\t\t<\/div>\n\t\t\t\n\t\t<\/div>\n\t\t\t\t\t\t<\/div>\n\t\t\t\t<\/div>\n\t\t\t\t<div class=\"elementor-element elementor-element-1b9ad35 elementor-view-default elementor-widget elementor-widget-icon\" data-id=\"1b9ad35\" data-element_type=\"widget\" data-e-type=\"widget\" data-widget_type=\"icon.default\">\n\t\t\t\t<div class=\"elementor-widget-container\">\n\t\t\t\t\t\t\t<div class=\"elementor-icon-wrapper\">\n\t\t\t<a class=\"elementor-icon\" href=\"\/es\/gestion-incidentes\/\">\n\t\t\t<svg xmlns=\"http:\/\/www.w3.org\/2000\/svg\" width=\"40\" height=\"40\" viewBox=\"0 0 40 40\" fill=\"none\"><mask id=\"mask0_5_2152\" style=\"mask-type:alpha\" maskUnits=\"userSpaceOnUse\" x=\"0\" y=\"0\" width=\"40\" height=\"40\"><rect width=\"40\" height=\"40\" fill=\"#D9D9D9\"><\/rect><\/mask><g mask=\"url(#mask0_5_2152)\"><path d=\"M23.3332 30L20.9998 27.5833L26.9165 21.6667H6.6665V18.3333H26.9165L20.9998 12.4167L23.3332 10L33.3332 20L23.3332 30Z\" fill=\"#BD5B00\"><\/path><\/g><\/svg>\t\t\t<\/a>\n\t\t<\/div>\n\t\t\t\t\t\t<\/div>\n\t\t\t\t<\/div>\n\t\t\t\t<\/div>\n\t\t<div class=\"elementor-element elementor-element-e99e379 e-con-full e-flex e-con e-child\" data-id=\"e99e379\" data-element_type=\"container\" data-e-type=\"container\" data-settings=\"{&quot;background_background&quot;:&quot;classic&quot;}\">\n\t\t\t\t<div class=\"elementor-element elementor-element-4e819b3 elementor-view-stacked elementor-shape-circle elementor-position-block-start elementor-mobile-position-block-start elementor-widget elementor-widget-icon-box\" data-id=\"4e819b3\" data-element_type=\"widget\" data-e-type=\"widget\" data-widget_type=\"icon-box.default\">\n\t\t\t\t<div class=\"elementor-widget-container\">\n\t\t\t\t\t\t\t<div class=\"elementor-icon-box-wrapper\">\n\n\t\t\t\t\t\t<div class=\"elementor-icon-box-icon\">\n\t\t\t\t<a href=\"\/es\/consultoria-seguridad\/\" class=\"elementor-icon\" tabindex=\"-1\" aria-label=\"Consultor\u00eda de Seguridad\">\n\t\t\t\t<i aria-hidden=\"true\" class=\"fas fa-user-secret\"><\/i>\t\t\t\t<\/a>\n\t\t\t<\/div>\n\t\t\t\n\t\t\t\t\t\t<div class=\"elementor-icon-box-content\">\n\n\t\t\t\t\t\t\t\t\t<h3 class=\"elementor-icon-box-title\">\n\t\t\t\t\t\t<a href=\"\/es\/consultoria-seguridad\/\" >\n\t\t\t\t\t\t\tConsultor\u00eda de Seguridad\t\t\t\t\t\t<\/a>\n\t\t\t\t\t<\/h3>\n\t\t\t\t\n\t\t\t\t\t\t\t\t\t<p class=\"elementor-icon-box-description\">\n\t\t\t\t\t\tOptimizaci\u00f3n tu seguridad digital con expertos.\t\t\t\t\t<\/p>\n\t\t\t\t\n\t\t\t<\/div>\n\t\t\t\n\t\t<\/div>\n\t\t\t\t\t\t<\/div>\n\t\t\t\t<\/div>\n\t\t\t\t<div class=\"elementor-element elementor-element-a8abc4b elementor-view-default elementor-widget elementor-widget-icon\" data-id=\"a8abc4b\" data-element_type=\"widget\" data-e-type=\"widget\" data-widget_type=\"icon.default\">\n\t\t\t\t<div class=\"elementor-widget-container\">\n\t\t\t\t\t\t\t<div class=\"elementor-icon-wrapper\">\n\t\t\t<a class=\"elementor-icon\" href=\"\/es\/consultoria-seguridad\/\">\n\t\t\t<svg xmlns=\"http:\/\/www.w3.org\/2000\/svg\" width=\"40\" height=\"40\" viewBox=\"0 0 40 40\" fill=\"none\"><mask id=\"mask0_5_2152\" style=\"mask-type:alpha\" maskUnits=\"userSpaceOnUse\" x=\"0\" y=\"0\" width=\"40\" height=\"40\"><rect width=\"40\" height=\"40\" fill=\"#D9D9D9\"><\/rect><\/mask><g mask=\"url(#mask0_5_2152)\"><path d=\"M23.3332 30L20.9998 27.5833L26.9165 21.6667H6.6665V18.3333H26.9165L20.9998 12.4167L23.3332 10L33.3332 20L23.3332 30Z\" fill=\"#BD5B00\"><\/path><\/g><\/svg>\t\t\t<\/a>\n\t\t<\/div>\n\t\t\t\t\t\t<\/div>\n\t\t\t\t<\/div>\n\t\t\t\t<\/div>\n\t\t<div class=\"elementor-element elementor-element-7da6277 e-con-full e-flex e-con e-child\" data-id=\"7da6277\" data-element_type=\"container\" data-e-type=\"container\" data-settings=\"{&quot;background_background&quot;:&quot;classic&quot;}\">\n\t\t\t\t<div class=\"elementor-element elementor-element-e15e3a1 elementor-view-stacked elementor-shape-circle elementor-position-block-start elementor-mobile-position-block-start elementor-widget elementor-widget-icon-box\" data-id=\"e15e3a1\" data-element_type=\"widget\" data-e-type=\"widget\" data-widget_type=\"icon-box.default\">\n\t\t\t\t<div class=\"elementor-widget-container\">\n\t\t\t\t\t\t\t<div class=\"elementor-icon-box-wrapper\">\n\n\t\t\t\t\t\t<div class=\"elementor-icon-box-icon\">\n\t\t\t\t<a href=\"\/es\/ciber-ejercicios\/\" class=\"elementor-icon\" tabindex=\"-1\" aria-label=\"Ciber Ejercicios\">\n\t\t\t\t<i aria-hidden=\"true\" class=\"fas fa-laptop-medical\"><\/i>\t\t\t\t<\/a>\n\t\t\t<\/div>\n\t\t\t\n\t\t\t\t\t\t<div class=\"elementor-icon-box-content\">\n\n\t\t\t\t\t\t\t\t\t<h3 class=\"elementor-icon-box-title\">\n\t\t\t\t\t\t<a href=\"\/es\/ciber-ejercicios\/\" >\n\t\t\t\t\t\t\tCiber Ejercicios\t\t\t\t\t\t<\/a>\n\t\t\t\t\t<\/h3>\n\t\t\t\t\n\t\t\t\t\t\t\t\t\t<p class=\"elementor-icon-box-description\">\n\t\t\t\t\t\tSimulaciones realistas para fortalecer ciberdefensas.\t\t\t\t\t<\/p>\n\t\t\t\t\n\t\t\t<\/div>\n\t\t\t\n\t\t<\/div>\n\t\t\t\t\t\t<\/div>\n\t\t\t\t<\/div>\n\t\t\t\t<div class=\"elementor-element elementor-element-6a3d906 elementor-view-default elementor-widget elementor-widget-icon\" data-id=\"6a3d906\" data-element_type=\"widget\" data-e-type=\"widget\" data-widget_type=\"icon.default\">\n\t\t\t\t<div class=\"elementor-widget-container\">\n\t\t\t\t\t\t\t<div class=\"elementor-icon-wrapper\">\n\t\t\t<a class=\"elementor-icon\" href=\"\/es\/ciber-ejercicios\/\">\n\t\t\t<svg xmlns=\"http:\/\/www.w3.org\/2000\/svg\" width=\"40\" height=\"40\" viewBox=\"0 0 40 40\" fill=\"none\"><mask id=\"mask0_5_2152\" style=\"mask-type:alpha\" maskUnits=\"userSpaceOnUse\" x=\"0\" y=\"0\" width=\"40\" height=\"40\"><rect width=\"40\" height=\"40\" fill=\"#D9D9D9\"><\/rect><\/mask><g mask=\"url(#mask0_5_2152)\"><path d=\"M23.3332 30L20.9998 27.5833L26.9165 21.6667H6.6665V18.3333H26.9165L20.9998 12.4167L23.3332 10L33.3332 20L23.3332 30Z\" fill=\"#BD5B00\"><\/path><\/g><\/svg>\t\t\t<\/a>\n\t\t<\/div>\n\t\t\t\t\t\t<\/div>\n\t\t\t\t<\/div>\n\t\t\t\t<\/div>\n\t\t<div class=\"elementor-element elementor-element-dd6c569 e-con-full e-flex e-con e-child\" data-id=\"dd6c569\" data-element_type=\"container\" data-e-type=\"container\" data-settings=\"{&quot;background_background&quot;:&quot;classic&quot;}\">\n\t\t\t\t<div class=\"elementor-element elementor-element-52000e1 elementor-view-stacked elementor-shape-circle elementor-position-block-start elementor-mobile-position-block-start elementor-widget elementor-widget-icon-box\" data-id=\"52000e1\" data-element_type=\"widget\" data-e-type=\"widget\" data-widget_type=\"icon-box.default\">\n\t\t\t\t<div class=\"elementor-widget-container\">\n\t\t\t\t\t\t\t<div class=\"elementor-icon-box-wrapper\">\n\n\t\t\t\t\t\t<div class=\"elementor-icon-box-icon\">\n\t\t\t\t<a href=\"\/es\/boletines-alertas\/\" class=\"elementor-icon\" tabindex=\"-1\" aria-label=\"Boletines y Alertas\">\n\t\t\t\t<i aria-hidden=\"true\" class=\"far fa-newspaper\"><\/i>\t\t\t\t<\/a>\n\t\t\t<\/div>\n\t\t\t\n\t\t\t\t\t\t<div class=\"elementor-icon-box-content\">\n\n\t\t\t\t\t\t\t\t\t<h3 class=\"elementor-icon-box-title\">\n\t\t\t\t\t\t<a href=\"\/es\/boletines-alertas\/\" >\n\t\t\t\t\t\t\tBoletines y Alertas\t\t\t\t\t\t<\/a>\n\t\t\t\t\t<\/h3>\n\t\t\t\t\n\t\t\t\t\t\t\t\t\t<p class=\"elementor-icon-box-description\">\n\t\t\t\t\t\tActualizaciones clave para protecci\u00f3n cibern\u00e9tica efectiva.\n\t\t\t\t\t<\/p>\n\t\t\t\t\n\t\t\t<\/div>\n\t\t\t\n\t\t<\/div>\n\t\t\t\t\t\t<\/div>\n\t\t\t\t<\/div>\n\t\t\t\t<div class=\"elementor-element elementor-element-f203da5 elementor-view-default elementor-widget elementor-widget-icon\" data-id=\"f203da5\" data-element_type=\"widget\" data-e-type=\"widget\" data-widget_type=\"icon.default\">\n\t\t\t\t<div class=\"elementor-widget-container\">\n\t\t\t\t\t\t\t<div class=\"elementor-icon-wrapper\">\n\t\t\t<a class=\"elementor-icon\" href=\"\/es\/boletines-alertas\/\">\n\t\t\t<svg xmlns=\"http:\/\/www.w3.org\/2000\/svg\" width=\"40\" height=\"40\" viewBox=\"0 0 40 40\" fill=\"none\"><mask id=\"mask0_5_2152\" style=\"mask-type:alpha\" maskUnits=\"userSpaceOnUse\" x=\"0\" y=\"0\" width=\"40\" height=\"40\"><rect width=\"40\" height=\"40\" fill=\"#D9D9D9\"><\/rect><\/mask><g mask=\"url(#mask0_5_2152)\"><path d=\"M23.3332 30L20.9998 27.5833L26.9165 21.6667H6.6665V18.3333H26.9165L20.9998 12.4167L23.3332 10L33.3332 20L23.3332 30Z\" fill=\"#BD5B00\"><\/path><\/g><\/svg>\t\t\t<\/a>\n\t\t<\/div>\n\t\t\t\t\t\t<\/div>\n\t\t\t\t<\/div>\n\t\t\t\t<\/div>\n\t\t<div class=\"elementor-element elementor-element-67ed506 e-con-full e-flex e-con e-child\" data-id=\"67ed506\" data-element_type=\"container\" data-e-type=\"container\" data-settings=\"{&quot;background_background&quot;:&quot;classic&quot;}\">\n\t\t\t\t<div class=\"elementor-element elementor-element-b1f9fb1 elementor-view-stacked elementor-shape-circle elementor-position-block-start elementor-mobile-position-block-start elementor-widget elementor-widget-icon-box\" data-id=\"b1f9fb1\" data-element_type=\"widget\" data-e-type=\"widget\" data-widget_type=\"icon-box.default\">\n\t\t\t\t<div class=\"elementor-widget-container\">\n\t\t\t\t\t\t\t<div class=\"elementor-icon-box-wrapper\">\n\n\t\t\t\t\t\t<div class=\"elementor-icon-box-icon\">\n\t\t\t\t<a href=\"\/es\/monitoreo-deteccion\/\" class=\"elementor-icon\" tabindex=\"-1\" aria-label=\"Monitoreo y Detecci\u00f3n de Amenazas\">\n\t\t\t\t<i aria-hidden=\"true\" class=\"fas fa-laptop-code\"><\/i>\t\t\t\t<\/a>\n\t\t\t<\/div>\n\t\t\t\n\t\t\t\t\t\t<div class=\"elementor-icon-box-content\">\n\n\t\t\t\t\t\t\t\t\t<h3 class=\"elementor-icon-box-title\">\n\t\t\t\t\t\t<a href=\"\/es\/monitoreo-deteccion\/\" >\n\t\t\t\t\t\t\tMonitoreo y Detecci\u00f3n de Amenazas\t\t\t\t\t\t<\/a>\n\t\t\t\t\t<\/h3>\n\t\t\t\t\n\t\t\t\t\t\t\t\t\t<p class=\"elementor-icon-box-description\">\n\t\t\t\t\t\tVigilancia experta para prevenir ciberataques.\t\t\t\t\t<\/p>\n\t\t\t\t\n\t\t\t<\/div>\n\t\t\t\n\t\t<\/div>\n\t\t\t\t\t\t<\/div>\n\t\t\t\t<\/div>\n\t\t\t\t<div class=\"elementor-element elementor-element-94af3ca elementor-view-default elementor-widget elementor-widget-icon\" data-id=\"94af3ca\" data-element_type=\"widget\" data-e-type=\"widget\" data-widget_type=\"icon.default\">\n\t\t\t\t<div class=\"elementor-widget-container\">\n\t\t\t\t\t\t\t<div class=\"elementor-icon-wrapper\">\n\t\t\t<a class=\"elementor-icon\" href=\"\/es\/monitoreo-deteccion\/\">\n\t\t\t<svg xmlns=\"http:\/\/www.w3.org\/2000\/svg\" width=\"40\" height=\"40\" viewBox=\"0 0 40 40\" fill=\"none\"><mask id=\"mask0_5_2152\" style=\"mask-type:alpha\" maskUnits=\"userSpaceOnUse\" x=\"0\" y=\"0\" width=\"40\" height=\"40\"><rect width=\"40\" height=\"40\" fill=\"#D9D9D9\"><\/rect><\/mask><g mask=\"url(#mask0_5_2152)\"><path d=\"M23.3332 30L20.9998 27.5833L26.9165 21.6667H6.6665V18.3333H26.9165L20.9998 12.4167L23.3332 10L33.3332 20L23.3332 30Z\" fill=\"#BD5B00\"><\/path><\/g><\/svg>\t\t\t<\/a>\n\t\t<\/div>\n\t\t\t\t\t\t<\/div>\n\t\t\t\t<\/div>\n\t\t\t\t<\/div>\n\t\t<div class=\"elementor-element elementor-element-663f817 e-con-full e-flex e-con e-child\" data-id=\"663f817\" data-element_type=\"container\" data-e-type=\"container\" data-settings=\"{&quot;background_background&quot;:&quot;classic&quot;}\">\n\t\t\t\t<div class=\"elementor-element elementor-element-9e9ea33 elementor-view-stacked elementor-shape-circle elementor-position-block-start elementor-mobile-position-block-start elementor-widget elementor-widget-icon-box\" data-id=\"9e9ea33\" data-element_type=\"widget\" data-e-type=\"widget\" data-widget_type=\"icon-box.default\">\n\t\t\t\t<div class=\"elementor-widget-container\">\n\t\t\t\t\t\t\t<div class=\"elementor-icon-box-wrapper\">\n\n\t\t\t\t\t\t<div class=\"elementor-icon-box-icon\">\n\t\t\t\t<a href=\"\/es\/capacitacion-concientizacion\/\" class=\"elementor-icon\" tabindex=\"-1\" aria-label=\"Capacitaci\u00f3n y Concientizaci\u00f3n\">\n\t\t\t\t<i aria-hidden=\"true\" class=\"fas fa-toolbox\"><\/i>\t\t\t\t<\/a>\n\t\t\t<\/div>\n\t\t\t\n\t\t\t\t\t\t<div class=\"elementor-icon-box-content\">\n\n\t\t\t\t\t\t\t\t\t<h3 class=\"elementor-icon-box-title\">\n\t\t\t\t\t\t<a href=\"\/es\/capacitacion-concientizacion\/\" >\n\t\t\t\t\t\t\tCapacitaci\u00f3n y Concientizaci\u00f3n\t\t\t\t\t\t<\/a>\n\t\t\t\t\t<\/h3>\n\t\t\t\t\n\t\t\t\t\t\t\t\t\t<p class=\"elementor-icon-box-description\">\n\t\t\t\t\t\tFormaci\u00f3n esencial para proteger tu empresa.\t\t\t\t\t<\/p>\n\t\t\t\t\n\t\t\t<\/div>\n\t\t\t\n\t\t<\/div>\n\t\t\t\t\t\t<\/div>\n\t\t\t\t<\/div>\n\t\t\t\t<div class=\"elementor-element elementor-element-0280f63 elementor-view-default elementor-widget elementor-widget-icon\" data-id=\"0280f63\" data-element_type=\"widget\" data-e-type=\"widget\" data-widget_type=\"icon.default\">\n\t\t\t\t<div class=\"elementor-widget-container\">\n\t\t\t\t\t\t\t<div class=\"elementor-icon-wrapper\">\n\t\t\t<a class=\"elementor-icon\" href=\"\/es\/capacitacion-concientizacion\/\">\n\t\t\t<svg xmlns=\"http:\/\/www.w3.org\/2000\/svg\" width=\"40\" height=\"40\" viewBox=\"0 0 40 40\" fill=\"none\"><mask id=\"mask0_5_2152\" style=\"mask-type:alpha\" maskUnits=\"userSpaceOnUse\" x=\"0\" y=\"0\" width=\"40\" height=\"40\"><rect width=\"40\" height=\"40\" fill=\"#D9D9D9\"><\/rect><\/mask><g mask=\"url(#mask0_5_2152)\"><path d=\"M23.3332 30L20.9998 27.5833L26.9165 21.6667H6.6665V18.3333H26.9165L20.9998 12.4167L23.3332 10L33.3332 20L23.3332 30Z\" fill=\"#BD5B00\"><\/path><\/g><\/svg>\t\t\t<\/a>\n\t\t<\/div>\n\t\t\t\t\t\t<\/div>\n\t\t\t\t<\/div>\n\t\t\t\t<\/div>\n\t\t\t\t\t<\/div>\n\t\t\t\t<\/div>\n\t\t\t\t<\/div>\n\t\t","protected":false},"excerpt":{"rendered":"<p>Nosotros \u00bfQui\u00e9nes somos? En BeaconLab somos un Equipo de Respuesta a Incidentes tambi\u00e9n llamados CSIRT, estamos compuesto por un grupo de profesionales altamente capacitados con base en la I+D con conocimientos t\u00e9cnicos avanzados y experiencia en la detecci\u00f3n, an\u00e1lisis, contenci\u00f3n y recuperaci\u00f3n de incidentes de seguridad. Nos dedicamos a la gesti\u00f3n eficiente de incidentes cibern\u00e9ticos [&hellip;]<\/p>\n","protected":false},"author":1,"featured_media":0,"parent":0,"menu_order":0,"comment_status":"closed","ping_status":"closed","template":"elementor_header_footer","meta":{"_acf_changed":false,"_monsterinsights_skip_tracking":false,"_monsterinsights_sitenote_active":false,"_monsterinsights_sitenote_note":"","_monsterinsights_sitenote_category":0,"footnotes":""},"class_list":["post-877","page","type-page","status-publish","hentry"],"acf":[],"aioseo_notices":[],"_links":{"self":[{"href":"https:\/\/beaconlab.us\/es\/wp-json\/wp\/v2\/pages\/877","targetHints":{"allow":["GET"]}}],"collection":[{"href":"https:\/\/beaconlab.us\/es\/wp-json\/wp\/v2\/pages"}],"about":[{"href":"https:\/\/beaconlab.us\/es\/wp-json\/wp\/v2\/types\/page"}],"author":[{"embeddable":true,"href":"https:\/\/beaconlab.us\/es\/wp-json\/wp\/v2\/users\/1"}],"replies":[{"embeddable":true,"href":"https:\/\/beaconlab.us\/es\/wp-json\/wp\/v2\/comments?post=877"}],"version-history":[{"count":105,"href":"https:\/\/beaconlab.us\/es\/wp-json\/wp\/v2\/pages\/877\/revisions"}],"predecessor-version":[{"id":9919,"href":"https:\/\/beaconlab.us\/es\/wp-json\/wp\/v2\/pages\/877\/revisions\/9919"}],"wp:attachment":[{"href":"https:\/\/beaconlab.us\/es\/wp-json\/wp\/v2\/media?parent=877"}],"curies":[{"name":"wp","href":"https:\/\/api.w.org\/{rel}","templated":true}]}}