{"id":3702,"date":"2023-11-09T09:24:33","date_gmt":"2023-11-09T15:24:33","guid":{"rendered":"https:\/\/192.100.169.84\/?page_id=3702"},"modified":"2024-11-14T10:44:42","modified_gmt":"2024-11-14T16:44:42","slug":"capacitacion-concientizacion","status":"publish","type":"page","link":"https:\/\/beaconlab.us\/es\/capacitacion-concientizacion\/","title":{"rendered":"Capacitaci\u00f3n y concientizaci\u00f3n"},"content":{"rendered":"\t\t<div data-elementor-type=\"wp-page\" data-elementor-id=\"3702\" class=\"elementor elementor-3702\" data-elementor-post-type=\"page\">\n\t\t\t\t<div class=\"elementor-element elementor-element-713a323 e-con-full e-flex e-con e-parent\" data-id=\"713a323\" data-element_type=\"container\" data-e-type=\"container\" data-settings=\"{&quot;background_background&quot;:&quot;classic&quot;}\">\n\t\t<div class=\"elementor-element elementor-element-53ef75a e-flex e-con-boxed e-con e-child\" data-id=\"53ef75a\" data-element_type=\"container\" data-e-type=\"container\">\n\t\t\t\t\t<div class=\"e-con-inner\">\n\t\t\t\t<div class=\"elementor-element elementor-element-ed17a10 elementor-widget-tablet__width-initial elementor-widget elementor-widget-heading\" data-id=\"ed17a10\" data-element_type=\"widget\" data-e-type=\"widget\" data-widget_type=\"heading.default\">\n\t\t\t\t<div class=\"elementor-widget-container\">\n\t\t\t\t\t<h1 class=\"elementor-heading-title elementor-size-default\">Capacitaci\u00f3n y concientizaci\u00f3n<\/h1>\t\t\t\t<\/div>\n\t\t\t\t<\/div>\n\t\t\t\t\t<\/div>\n\t\t\t\t<\/div>\n\t\t\t\t<\/div>\n\t\t<div class=\"elementor-element elementor-element-5aed6a6 e-flex e-con-boxed e-con e-parent\" data-id=\"5aed6a6\" data-element_type=\"container\" data-e-type=\"container\" data-settings=\"{&quot;background_background&quot;:&quot;classic&quot;}\">\n\t\t\t\t\t<div class=\"e-con-inner\">\n\t\t<div class=\"elementor-element elementor-element-22a5949 e-con-full e-flex e-con e-child\" data-id=\"22a5949\" data-element_type=\"container\" data-e-type=\"container\">\n\t\t\t\t<div class=\"elementor-element elementor-element-6f9b062 elementor-widget elementor-widget-text-editor\" data-id=\"6f9b062\" data-element_type=\"widget\" data-e-type=\"widget\" data-widget_type=\"text-editor.default\">\n\t\t\t\t<div class=\"elementor-widget-container\">\n\t\t\t\t\t\t\t\t\t<p>En Capacitaci\u00f3n y Concientizaci\u00f3n en ciberseguridad, nuestro equipo proporciona apoyo t\u00e9cnico y operativo en todas las fases del proceso, desde la planificaci\u00f3n hasta la implementaci\u00f3n. Ofrecemos una formaci\u00f3n exhaustiva, comunicaci\u00f3n efectiva y coordinaci\u00f3n con los involucrados para garantizar una adopci\u00f3n eficaz de las mejores pr\u00e1cticas.<\/p><p>Esta \u00e1rea es esencial en nuestra propuesta de ciberseguridad. Nos adentramos en el universo de la concienciaci\u00f3n y formaci\u00f3n en seguridad digital, brindando soluciones y servicios dise\u00f1ados para fortalecer la preparaci\u00f3n de su organizaci\u00f3n, proteger sus datos y preservar su reputaci\u00f3n en un entorno digital en constante cambio.<\/p><ul><li>Utilizamos tecnolog\u00edas avanzadas de detecci\u00f3n de amenazas para identificar y responder r\u00e1pidamente a cualquier actividad sospechosa o maliciosa en los sistemas de nuestros clientes.<\/li><li>Adem\u00e1s, recopilamos y analizamos informaci\u00f3n de fuentes confiables para mantenernos actualizados sobre las \u00faltimas tendencias y t\u00e1cticas utilizadas por los actores de amenazas y del an\u00e1lisis de inteligencia de amenazas.<\/li><\/ul>\t\t\t\t\t\t\t\t<\/div>\n\t\t\t\t<\/div>\n\t\t\t\t<\/div>\n\t\t<div class=\"elementor-element elementor-element-10ecd8b e-con-full elementor-hidden-tablet elementor-hidden-mobile e-flex e-con e-child\" data-id=\"10ecd8b\" data-element_type=\"container\" data-e-type=\"container\" data-settings=\"{&quot;background_background&quot;:&quot;classic&quot;}\">\n\t\t\t\t<\/div>\n\t\t\t\t\t<\/div>\n\t\t\t\t<\/div>\n\t\t\t\t<\/div>\n\t\t","protected":false},"excerpt":{"rendered":"<p>En Capacitaci\u00f3n y Concientizaci\u00f3n en ciberseguridad, nuestro equipo proporciona apoyo t\u00e9cnico y operativo en todas las fases del proceso, desde la planificaci\u00f3n hasta la implementaci\u00f3n. Ofrecemos una formaci\u00f3n exhaustiva, comunicaci\u00f3n efectiva y coordinaci\u00f3n con los involucrados para garantizar una adopci\u00f3n eficaz de las mejores pr\u00e1cticas. Esta \u00e1rea es esencial en nuestra propuesta de ciberseguridad. Nos [&hellip;]<\/p>\n","protected":false},"author":1,"featured_media":0,"parent":0,"menu_order":0,"comment_status":"closed","ping_status":"closed","template":"elementor_header_footer","meta":{"_acf_changed":false,"_monsterinsights_skip_tracking":false,"_monsterinsights_sitenote_active":false,"_monsterinsights_sitenote_note":"","_monsterinsights_sitenote_category":0,"footnotes":""},"class_list":["post-3702","page","type-page","status-publish","hentry"],"acf":[],"aioseo_notices":[],"_links":{"self":[{"href":"https:\/\/beaconlab.us\/es\/wp-json\/wp\/v2\/pages\/3702","targetHints":{"allow":["GET"]}}],"collection":[{"href":"https:\/\/beaconlab.us\/es\/wp-json\/wp\/v2\/pages"}],"about":[{"href":"https:\/\/beaconlab.us\/es\/wp-json\/wp\/v2\/types\/page"}],"author":[{"embeddable":true,"href":"https:\/\/beaconlab.us\/es\/wp-json\/wp\/v2\/users\/1"}],"replies":[{"embeddable":true,"href":"https:\/\/beaconlab.us\/es\/wp-json\/wp\/v2\/comments?post=3702"}],"version-history":[{"count":80,"href":"https:\/\/beaconlab.us\/es\/wp-json\/wp\/v2\/pages\/3702\/revisions"}],"predecessor-version":[{"id":9928,"href":"https:\/\/beaconlab.us\/es\/wp-json\/wp\/v2\/pages\/3702\/revisions\/9928"}],"wp:attachment":[{"href":"https:\/\/beaconlab.us\/es\/wp-json\/wp\/v2\/media?parent=3702"}],"curies":[{"name":"wp","href":"https:\/\/api.w.org\/{rel}","templated":true}]}}