{"id":3700,"date":"2023-11-09T09:23:28","date_gmt":"2023-11-09T15:23:28","guid":{"rendered":"https:\/\/192.100.169.84\/?page_id=3700"},"modified":"2024-11-14T10:44:19","modified_gmt":"2024-11-14T16:44:19","slug":"monitoreo-deteccion","status":"publish","type":"page","link":"https:\/\/beaconlab.us\/es\/monitoreo-deteccion\/","title":{"rendered":"Monitoreo y detecci\u00f3n de amenazas"},"content":{"rendered":"\t\t<div data-elementor-type=\"wp-page\" data-elementor-id=\"3700\" class=\"elementor elementor-3700\" data-elementor-post-type=\"page\">\n\t\t\t\t<div class=\"elementor-element elementor-element-ed3e361 e-con-full e-flex e-con e-parent\" data-id=\"ed3e361\" data-element_type=\"container\" data-e-type=\"container\" data-settings=\"{&quot;background_background&quot;:&quot;classic&quot;}\">\n\t\t<div class=\"elementor-element elementor-element-06dac49 e-flex e-con-boxed e-con e-child\" data-id=\"06dac49\" data-element_type=\"container\" data-e-type=\"container\">\n\t\t\t\t\t<div class=\"e-con-inner\">\n\t\t\t\t<div class=\"elementor-element elementor-element-ffa8522 elementor-widget-tablet__width-initial elementor-widget elementor-widget-heading\" data-id=\"ffa8522\" data-element_type=\"widget\" data-e-type=\"widget\" data-widget_type=\"heading.default\">\n\t\t\t\t<div class=\"elementor-widget-container\">\n\t\t\t\t\t<h1 class=\"elementor-heading-title elementor-size-default\">Monitoreo y detecci\u00f3n de amenazas<\/h1>\t\t\t\t<\/div>\n\t\t\t\t<\/div>\n\t\t\t\t\t<\/div>\n\t\t\t\t<\/div>\n\t\t\t\t<\/div>\n\t\t<div class=\"elementor-element elementor-element-c165d84 e-flex e-con-boxed e-con e-parent\" data-id=\"c165d84\" data-element_type=\"container\" data-e-type=\"container\" data-settings=\"{&quot;background_background&quot;:&quot;classic&quot;}\">\n\t\t\t\t\t<div class=\"e-con-inner\">\n\t\t<div class=\"elementor-element elementor-element-06f9638 e-con-full e-flex e-con e-child\" data-id=\"06f9638\" data-element_type=\"container\" data-e-type=\"container\">\n\t\t\t\t<div class=\"elementor-element elementor-element-37498be elementor-widget elementor-widget-text-editor\" data-id=\"37498be\" data-element_type=\"widget\" data-e-type=\"widget\" data-widget_type=\"text-editor.default\">\n\t\t\t\t<div class=\"elementor-widget-container\">\n\t\t\t\t\t\t\t\t\t<p>En Monitoreo y Detecci\u00f3n de Amenazas, nuestro equipo proporciona respaldo t\u00e9cnico y operativo en todas las fases del proceso, desde la detecci\u00f3n inicial hasta la implementaci\u00f3n de contramedidas. Realizamos un an\u00e1lisis exhaustivo, establecemos comunicaciones efectivas y coordinamos con las partes involucradas para una resoluci\u00f3n eficiente.<\/p><p>Esta \u00e1rea es el coraz\u00f3n de nuestra propuesta en ciberseguridad. Aqu\u00ed, nos sumergimos en el universo de la detecci\u00f3n y respuesta a amenazas cibern\u00e9ticas, ofreciendo soluciones y servicios dise\u00f1ados para salvaguardar su organizaci\u00f3n, sus datos y su reputaci\u00f3n en un entorno digital en constante cambio.<\/p><ul><li>Utilizamos tecnolog\u00edas avanzadas de detecci\u00f3n de amenazas para identificar y responder r\u00e1pidamente a cualquier actividad sospechosa o maliciosa en los sistemas de nuestros clientes.<\/li><li>Adem\u00e1s, recopilamos y analizamos informaci\u00f3n de fuentes confiables para mantenernos actualizados sobre las \u00faltimas tendencias y t\u00e1cticas utilizadas por los actores de amenazas y del an\u00e1lisis de inteligencia de amenazas.<\/li><\/ul>\t\t\t\t\t\t\t\t<\/div>\n\t\t\t\t<\/div>\n\t\t\t\t<\/div>\n\t\t<div class=\"elementor-element elementor-element-3a16c81 e-con-full elementor-hidden-tablet elementor-hidden-mobile e-flex e-con e-child\" data-id=\"3a16c81\" data-element_type=\"container\" data-e-type=\"container\" data-settings=\"{&quot;background_background&quot;:&quot;classic&quot;}\">\n\t\t\t\t<\/div>\n\t\t\t\t\t<\/div>\n\t\t\t\t<\/div>\n\t\t\t\t<\/div>\n\t\t","protected":false},"excerpt":{"rendered":"<p>En Monitoreo y Detecci\u00f3n de Amenazas, nuestro equipo proporciona respaldo t\u00e9cnico y operativo en todas las fases del proceso, desde la detecci\u00f3n inicial hasta la implementaci\u00f3n de contramedidas. Realizamos un an\u00e1lisis exhaustivo, establecemos comunicaciones efectivas y coordinamos con las partes involucradas para una resoluci\u00f3n eficiente. Esta \u00e1rea es el coraz\u00f3n de nuestra propuesta en ciberseguridad. [&hellip;]<\/p>\n","protected":false},"author":1,"featured_media":0,"parent":0,"menu_order":0,"comment_status":"closed","ping_status":"closed","template":"elementor_header_footer","meta":{"_acf_changed":false,"_monsterinsights_skip_tracking":false,"_monsterinsights_sitenote_active":false,"_monsterinsights_sitenote_note":"","_monsterinsights_sitenote_category":0,"footnotes":""},"class_list":["post-3700","page","type-page","status-publish","hentry"],"acf":[],"aioseo_notices":[],"_links":{"self":[{"href":"https:\/\/beaconlab.us\/es\/wp-json\/wp\/v2\/pages\/3700","targetHints":{"allow":["GET"]}}],"collection":[{"href":"https:\/\/beaconlab.us\/es\/wp-json\/wp\/v2\/pages"}],"about":[{"href":"https:\/\/beaconlab.us\/es\/wp-json\/wp\/v2\/types\/page"}],"author":[{"embeddable":true,"href":"https:\/\/beaconlab.us\/es\/wp-json\/wp\/v2\/users\/1"}],"replies":[{"embeddable":true,"href":"https:\/\/beaconlab.us\/es\/wp-json\/wp\/v2\/comments?post=3700"}],"version-history":[{"count":71,"href":"https:\/\/beaconlab.us\/es\/wp-json\/wp\/v2\/pages\/3700\/revisions"}],"predecessor-version":[{"id":9925,"href":"https:\/\/beaconlab.us\/es\/wp-json\/wp\/v2\/pages\/3700\/revisions\/9925"}],"wp:attachment":[{"href":"https:\/\/beaconlab.us\/es\/wp-json\/wp\/v2\/media?parent=3700"}],"curies":[{"name":"wp","href":"https:\/\/api.w.org\/{rel}","templated":true}]}}