{"id":3698,"date":"2023-11-09T09:22:00","date_gmt":"2023-11-09T15:22:00","guid":{"rendered":"https:\/\/192.100.169.84\/?page_id=3698"},"modified":"2024-11-14T10:43:48","modified_gmt":"2024-11-14T16:43:48","slug":"boletines-alertas","status":"publish","type":"page","link":"https:\/\/beaconlab.us\/es\/boletines-alertas\/","title":{"rendered":"Boletines y alertas"},"content":{"rendered":"\t\t<div data-elementor-type=\"wp-page\" data-elementor-id=\"3698\" class=\"elementor elementor-3698\" data-elementor-post-type=\"page\">\n\t\t\t\t<div class=\"elementor-element elementor-element-ee74e6d e-con-full e-flex e-con e-parent\" data-id=\"ee74e6d\" data-element_type=\"container\" data-e-type=\"container\" data-settings=\"{&quot;background_background&quot;:&quot;classic&quot;}\">\n\t\t<div class=\"elementor-element elementor-element-99fefb2 e-flex e-con-boxed e-con e-child\" data-id=\"99fefb2\" data-element_type=\"container\" data-e-type=\"container\">\n\t\t\t\t\t<div class=\"e-con-inner\">\n\t\t\t\t<div class=\"elementor-element elementor-element-f567e0e elementor-widget-mobile__width-initial elementor-widget elementor-widget-heading\" data-id=\"f567e0e\" data-element_type=\"widget\" data-e-type=\"widget\" data-widget_type=\"heading.default\">\n\t\t\t\t<div class=\"elementor-widget-container\">\n\t\t\t\t\t<h1 class=\"elementor-heading-title elementor-size-default\">Boletines y alertas<\/h1>\t\t\t\t<\/div>\n\t\t\t\t<\/div>\n\t\t\t\t\t<\/div>\n\t\t\t\t<\/div>\n\t\t\t\t<\/div>\n\t\t<div class=\"elementor-element elementor-element-7e09cd0 e-flex e-con-boxed e-con e-parent\" data-id=\"7e09cd0\" data-element_type=\"container\" data-e-type=\"container\" data-settings=\"{&quot;background_background&quot;:&quot;classic&quot;}\">\n\t\t\t\t\t<div class=\"e-con-inner\">\n\t\t<div class=\"elementor-element elementor-element-35d2584 e-con-full e-flex e-con e-child\" data-id=\"35d2584\" data-element_type=\"container\" data-e-type=\"container\">\n\t\t\t\t<div class=\"elementor-element elementor-element-87392b9 elementor-widget elementor-widget-text-editor\" data-id=\"87392b9\" data-element_type=\"widget\" data-e-type=\"widget\" data-widget_type=\"text-editor.default\">\n\t\t\t\t<div class=\"elementor-widget-container\">\n\t\t\t\t\t\t\t\t\t<p>En <strong>BeaconLab<\/strong> entendemos la importancia de mantenerse informado y estar preparado en un mundo digital donde las amenazas evolucionan constantemente, por eso proporcionamos de manera constante una variedad de recursos informativos, dise\u00f1ados para ayudar a fortalecer una postura de seguridad, estar informado y tomar medidas proactivas en un entorno digital en constante cambio, todo ello a trav\u00e9s de nuestro sitio web as\u00ed como en nuestras redes sociales.<\/p><p>Estos recursos son una fuente esencial para aquellos que desean estar al tanto de las amenazas cibern\u00e9ticas, fortalecer su seguridad en l\u00ednea y mantenerse informados sobre las \u00faltimas tendencias en ciberseguridad.<\/p><p>Le invitamos a unirte a nuestra comunidad y aprovechar estos recursos para mantener tu entorno digital seguro y protegido.<\/p>\t\t\t\t\t\t\t\t<\/div>\n\t\t\t\t<\/div>\n\t\t\t\t<\/div>\n\t\t<div class=\"elementor-element elementor-element-4ce089f e-con-full elementor-hidden-tablet elementor-hidden-mobile e-flex e-con e-child\" data-id=\"4ce089f\" data-element_type=\"container\" data-e-type=\"container\" data-settings=\"{&quot;background_background&quot;:&quot;classic&quot;}\">\n\t\t\t\t<\/div>\n\t\t\t\t\t<\/div>\n\t\t\t\t<\/div>\n\t\t\t\t<\/div>\n\t\t","protected":false},"excerpt":{"rendered":"<p>En BeaconLab entendemos la importancia de mantenerse informado y estar preparado en un mundo digital donde las amenazas evolucionan constantemente, por eso proporcionamos de manera constante una variedad de recursos informativos, dise\u00f1ados para ayudar a fortalecer una postura de seguridad, estar informado y tomar medidas proactivas en un entorno digital en constante cambio, todo ello [&hellip;]<\/p>\n","protected":false},"author":1,"featured_media":0,"parent":0,"menu_order":0,"comment_status":"closed","ping_status":"closed","template":"elementor_header_footer","meta":{"_acf_changed":false,"_monsterinsights_skip_tracking":false,"_monsterinsights_sitenote_active":false,"_monsterinsights_sitenote_note":"","_monsterinsights_sitenote_category":0,"footnotes":""},"class_list":["post-3698","page","type-page","status-publish","hentry"],"acf":[],"aioseo_notices":[],"_links":{"self":[{"href":"https:\/\/beaconlab.us\/es\/wp-json\/wp\/v2\/pages\/3698","targetHints":{"allow":["GET"]}}],"collection":[{"href":"https:\/\/beaconlab.us\/es\/wp-json\/wp\/v2\/pages"}],"about":[{"href":"https:\/\/beaconlab.us\/es\/wp-json\/wp\/v2\/types\/page"}],"author":[{"embeddable":true,"href":"https:\/\/beaconlab.us\/es\/wp-json\/wp\/v2\/users\/1"}],"replies":[{"embeddable":true,"href":"https:\/\/beaconlab.us\/es\/wp-json\/wp\/v2\/comments?post=3698"}],"version-history":[{"count":12,"href":"https:\/\/beaconlab.us\/es\/wp-json\/wp\/v2\/pages\/3698\/revisions"}],"predecessor-version":[{"id":9922,"href":"https:\/\/beaconlab.us\/es\/wp-json\/wp\/v2\/pages\/3698\/revisions\/9922"}],"wp:attachment":[{"href":"https:\/\/beaconlab.us\/es\/wp-json\/wp\/v2\/media?parent=3698"}],"curies":[{"name":"wp","href":"https:\/\/api.w.org\/{rel}","templated":true}]}}