{"id":3692,"date":"2023-11-09T09:18:56","date_gmt":"2023-11-09T15:18:56","guid":{"rendered":"https:\/\/192.100.169.84\/?page_id=3692"},"modified":"2024-11-15T09:11:55","modified_gmt":"2024-11-15T15:11:55","slug":"consultoria-seguridad","status":"publish","type":"page","link":"https:\/\/beaconlab.us\/es\/consultoria-seguridad\/","title":{"rendered":"Consultor\u00eda de seguridad"},"content":{"rendered":"\t\t<div data-elementor-type=\"wp-page\" data-elementor-id=\"3692\" class=\"elementor elementor-3692\" data-elementor-post-type=\"page\">\n\t\t\t\t<div class=\"elementor-element elementor-element-0b832d1 e-con-full e-flex e-con e-parent\" data-id=\"0b832d1\" data-element_type=\"container\" data-e-type=\"container\" data-settings=\"{&quot;background_background&quot;:&quot;classic&quot;}\">\n\t\t<div class=\"elementor-element elementor-element-469eef3 e-flex e-con-boxed e-con e-child\" data-id=\"469eef3\" data-element_type=\"container\" data-e-type=\"container\">\n\t\t\t\t\t<div class=\"e-con-inner\">\n\t\t\t\t<div class=\"elementor-element elementor-element-cadee2b elementor-widget elementor-widget-heading\" data-id=\"cadee2b\" data-element_type=\"widget\" data-e-type=\"widget\" data-widget_type=\"heading.default\">\n\t\t\t\t<div class=\"elementor-widget-container\">\n\t\t\t\t\t<h1 class=\"elementor-heading-title elementor-size-default\">Consultor\u00eda de seguridad<\/h1>\t\t\t\t<\/div>\n\t\t\t\t<\/div>\n\t\t\t\t\t<\/div>\n\t\t\t\t<\/div>\n\t\t\t\t<\/div>\n\t\t<div class=\"elementor-element elementor-element-2f79d5a e-flex e-con-boxed e-con e-parent\" data-id=\"2f79d5a\" data-element_type=\"container\" data-e-type=\"container\" data-settings=\"{&quot;background_background&quot;:&quot;classic&quot;}\">\n\t\t\t\t\t<div class=\"e-con-inner\">\n\t\t<div class=\"elementor-element elementor-element-c3484fb e-con-full e-flex e-con e-child\" data-id=\"c3484fb\" data-element_type=\"container\" data-e-type=\"container\">\n\t\t\t\t<div class=\"elementor-element elementor-element-1aef08c elementor-widget elementor-widget-text-editor\" data-id=\"1aef08c\" data-element_type=\"widget\" data-e-type=\"widget\" data-widget_type=\"text-editor.default\">\n\t\t\t\t<div class=\"elementor-widget-container\">\n\t\t\t\t\t\t\t\t\t<p>Brindamos asesoramiento t\u00e9cnico y operativo en todas las fases de la gesti\u00f3n de incidentes, desde la identificaci\u00f3n hasta la recuperaci\u00f3n. Conduciendo un an\u00e1lisis minucioso, establecemos comunicaciones efectivas y coordinamos con las partes involucradas para lograr una resoluci\u00f3n eficaz.<\/p><p><span style=\"color: var(--body-color); font-family: var(--body-font); text-align: var(--text-align);\">Nuestro enfoque en Consultor\u00eda de Seguridad se centra en la respuesta a incidentes cibern\u00e9ticos, proporcionando soluciones y servicios dise\u00f1ados para salvaguardar su organizaci\u00f3n, sus datos y su reputaci\u00f3n en un entorno digital en constante cambio.<\/span><\/p><ul><li>Realizamos evaluaciones detalladas para identificar y remediar posibles vulnerabilidades en los sistemas y redes de nuestros clientes.<\/li><li>Tambi\u00e9n Ayudamos a las organizaciones a desarrollar planes de respuesta a incidentes efectivos y llevamos a cabo ejercicios de simulaci\u00f3n para fortalecer la preparaci\u00f3n y la capacidad de respuesta<\/li><\/ul>\t\t\t\t\t\t\t\t<\/div>\n\t\t\t\t<\/div>\n\t\t\t\t<\/div>\n\t\t<div class=\"elementor-element elementor-element-9a113c7 e-con-full elementor-hidden-tablet elementor-hidden-mobile e-flex e-con e-child\" data-id=\"9a113c7\" data-element_type=\"container\" data-e-type=\"container\" data-settings=\"{&quot;background_background&quot;:&quot;classic&quot;}\">\n\t\t\t\t<\/div>\n\t\t\t\t\t<\/div>\n\t\t\t\t<\/div>\n\t\t\t\t<\/div>\n\t\t","protected":false},"excerpt":{"rendered":"<p>Brindamos asesoramiento t\u00e9cnico y operativo en todas las fases de la gesti\u00f3n de incidentes, desde la identificaci\u00f3n hasta la recuperaci\u00f3n. Conduciendo un an\u00e1lisis minucioso, establecemos comunicaciones efectivas y coordinamos con las partes involucradas para lograr una resoluci\u00f3n eficaz. Nuestro enfoque en Consultor\u00eda de Seguridad se centra en la respuesta a incidentes cibern\u00e9ticos, proporcionando soluciones y [&hellip;]<\/p>\n","protected":false},"author":1,"featured_media":0,"parent":0,"menu_order":0,"comment_status":"closed","ping_status":"closed","template":"elementor_header_footer","meta":{"_acf_changed":false,"_monsterinsights_skip_tracking":false,"_monsterinsights_sitenote_active":false,"_monsterinsights_sitenote_note":"","_monsterinsights_sitenote_category":0,"footnotes":""},"class_list":["post-3692","page","type-page","status-publish","hentry"],"acf":[],"aioseo_notices":[],"_links":{"self":[{"href":"https:\/\/beaconlab.us\/es\/wp-json\/wp\/v2\/pages\/3692","targetHints":{"allow":["GET"]}}],"collection":[{"href":"https:\/\/beaconlab.us\/es\/wp-json\/wp\/v2\/pages"}],"about":[{"href":"https:\/\/beaconlab.us\/es\/wp-json\/wp\/v2\/types\/page"}],"author":[{"embeddable":true,"href":"https:\/\/beaconlab.us\/es\/wp-json\/wp\/v2\/users\/1"}],"replies":[{"embeddable":true,"href":"https:\/\/beaconlab.us\/es\/wp-json\/wp\/v2\/comments?post=3692"}],"version-history":[{"count":104,"href":"https:\/\/beaconlab.us\/es\/wp-json\/wp\/v2\/pages\/3692\/revisions"}],"predecessor-version":[{"id":9996,"href":"https:\/\/beaconlab.us\/es\/wp-json\/wp\/v2\/pages\/3692\/revisions\/9996"}],"wp:attachment":[{"href":"https:\/\/beaconlab.us\/es\/wp-json\/wp\/v2\/media?parent=3692"}],"curies":[{"name":"wp","href":"https:\/\/api.w.org\/{rel}","templated":true}]}}