{"id":3647,"date":"2023-11-08T13:55:27","date_gmt":"2023-11-08T19:55:27","guid":{"rendered":"https:\/\/192.100.169.84\/?page_id=3647"},"modified":"2024-11-14T10:37:53","modified_gmt":"2024-11-14T16:37:53","slug":"gestion-incidentes","status":"publish","type":"page","link":"https:\/\/beaconlab.us\/es\/gestion-incidentes\/","title":{"rendered":"Gesti\u00f3n de incidentes"},"content":{"rendered":"\t\t<div data-elementor-type=\"wp-page\" data-elementor-id=\"3647\" class=\"elementor elementor-3647\" data-elementor-post-type=\"page\">\n\t\t\t\t<div class=\"elementor-element elementor-element-a3ec7a7 e-con-full e-flex e-con e-parent\" data-id=\"a3ec7a7\" data-element_type=\"container\" data-e-type=\"container\" data-settings=\"{&quot;background_background&quot;:&quot;classic&quot;}\">\n\t\t<div class=\"elementor-element elementor-element-70f3ec0 e-flex e-con-boxed e-con e-child\" data-id=\"70f3ec0\" data-element_type=\"container\" data-e-type=\"container\">\n\t\t\t\t\t<div class=\"e-con-inner\">\n\t\t\t\t<div class=\"elementor-element elementor-element-8da236d elementor-widget-mobile__width-initial elementor-widget elementor-widget-heading\" data-id=\"8da236d\" data-element_type=\"widget\" data-e-type=\"widget\" data-widget_type=\"heading.default\">\n\t\t\t\t<div class=\"elementor-widget-container\">\n\t\t\t\t\t<h1 class=\"elementor-heading-title elementor-size-default\">Gesti\u00f3n de incidentes<\/h1>\t\t\t\t<\/div>\n\t\t\t\t<\/div>\n\t\t\t\t\t<\/div>\n\t\t\t\t<\/div>\n\t\t\t\t<\/div>\n\t\t<div class=\"elementor-element elementor-element-cc2eec9 e-flex e-con-boxed e-con e-parent\" data-id=\"cc2eec9\" data-element_type=\"container\" data-e-type=\"container\" data-settings=\"{&quot;background_background&quot;:&quot;classic&quot;}\">\n\t\t\t\t\t<div class=\"e-con-inner\">\n\t\t<div class=\"elementor-element elementor-element-917ca91 e-con-full e-flex e-con e-child\" data-id=\"917ca91\" data-element_type=\"container\" data-e-type=\"container\">\n\t\t\t\t<div class=\"elementor-element elementor-element-cebfeb8 elementor-widget elementor-widget-heading\" data-id=\"cebfeb8\" data-element_type=\"widget\" data-e-type=\"widget\" data-widget_type=\"heading.default\">\n\t\t\t\t<div class=\"elementor-widget-container\">\n\t\t\t\t\t<h3 class=\"elementor-heading-title elementor-size-default\">\u00a1Conf\u00ede en nosotros para proteger lo que m\u00e1s importa!<\/h3>\t\t\t\t<\/div>\n\t\t\t\t<\/div>\n\t\t\t\t<div class=\"elementor-element elementor-element-2ffb86c elementor-widget elementor-widget-text-editor\" data-id=\"2ffb86c\" data-element_type=\"widget\" data-e-type=\"widget\" data-widget_type=\"text-editor.default\">\n\t\t\t\t<div class=\"elementor-widget-container\">\n\t\t\t\t\t\t\t\t\t<p>Nuestro equipo ofrece apoyo t\u00e9cnico y operativo en todas las etapas del proceso de gesti\u00f3n de incidentes, desde la detecci\u00f3n hasta la recuperaci\u00f3n. Realizamos un an\u00e1lisis exhaustivo, comunicaci\u00f3n efectiva y coordinaci\u00f3n con las partes involucradas para una resoluci\u00f3n eficiente.<\/p><p>Gesti\u00f3n de Incidentes, es el n\u00facleo de nuestra oferta en ciberseguridad. Aqu\u00ed, nos sumergimos en el mundo de la respuesta a incidentes cibern\u00e9ticos, ofreciendo soluciones y servicios de gesti\u00f3n de incidentes dise\u00f1ados para proteger su organizaci\u00f3n, sus datos y su reputaci\u00f3n en un mundo digital en constante evoluci\u00f3n.<\/p><p>Este es su recurso integral para afrontar y superar desaf\u00edos en ciberseguridad. Estamos comprometidos a trabajar junto a su organizaci\u00f3n para desarrollar una estrategia de respuesta efectiva, minimizar los riesgos y garantizar la continuidad del negocio en un mundo digital donde la seguridad es primordial.<\/p>\t\t\t\t\t\t\t\t<\/div>\n\t\t\t\t<\/div>\n\t\t\t\t<\/div>\n\t\t<div class=\"elementor-element elementor-element-b3d24dc e-con-full elementor-hidden-tablet elementor-hidden-mobile e-flex e-con e-child\" data-id=\"b3d24dc\" data-element_type=\"container\" data-e-type=\"container\" data-settings=\"{&quot;background_background&quot;:&quot;classic&quot;}\">\n\t\t\t\t<\/div>\n\t\t\t\t\t<\/div>\n\t\t\t\t<\/div>\n\t\t\t\t<\/div>\n\t\t","protected":false},"excerpt":{"rendered":"<p>\u00a1Conf\u00ede en nosotros para proteger lo que m\u00e1s importa! Nuestro equipo ofrece apoyo t\u00e9cnico y operativo en todas las etapas del proceso de gesti\u00f3n de incidentes, desde la detecci\u00f3n hasta la recuperaci\u00f3n. Realizamos un an\u00e1lisis exhaustivo, comunicaci\u00f3n efectiva y coordinaci\u00f3n con las partes involucradas para una resoluci\u00f3n eficiente. Gesti\u00f3n de Incidentes, es el n\u00facleo de [&hellip;]<\/p>\n","protected":false},"author":1,"featured_media":0,"parent":0,"menu_order":0,"comment_status":"closed","ping_status":"closed","template":"elementor_header_footer","meta":{"_acf_changed":false,"_monsterinsights_skip_tracking":false,"_monsterinsights_sitenote_active":false,"_monsterinsights_sitenote_note":"","_monsterinsights_sitenote_category":0,"footnotes":""},"class_list":["post-3647","page","type-page","status-publish","hentry"],"acf":[],"aioseo_notices":[],"_links":{"self":[{"href":"https:\/\/beaconlab.us\/es\/wp-json\/wp\/v2\/pages\/3647","targetHints":{"allow":["GET"]}}],"collection":[{"href":"https:\/\/beaconlab.us\/es\/wp-json\/wp\/v2\/pages"}],"about":[{"href":"https:\/\/beaconlab.us\/es\/wp-json\/wp\/v2\/types\/page"}],"author":[{"embeddable":true,"href":"https:\/\/beaconlab.us\/es\/wp-json\/wp\/v2\/users\/1"}],"replies":[{"embeddable":true,"href":"https:\/\/beaconlab.us\/es\/wp-json\/wp\/v2\/comments?post=3647"}],"version-history":[{"count":151,"href":"https:\/\/beaconlab.us\/es\/wp-json\/wp\/v2\/pages\/3647\/revisions"}],"predecessor-version":[{"id":9904,"href":"https:\/\/beaconlab.us\/es\/wp-json\/wp\/v2\/pages\/3647\/revisions\/9904"}],"wp:attachment":[{"href":"https:\/\/beaconlab.us\/es\/wp-json\/wp\/v2\/media?parent=3647"}],"curies":[{"name":"wp","href":"https:\/\/api.w.org\/{rel}","templated":true}]}}