{"id":3634,"date":"2023-11-08T09:17:51","date_gmt":"2023-11-08T15:17:51","guid":{"rendered":"https:\/\/192.100.169.84\/?page_id=3634"},"modified":"2025-03-18T14:12:17","modified_gmt":"2025-03-18T19:12:17","slug":"home-2","status":"publish","type":"page","link":"https:\/\/beaconlab.us\/es\/","title":{"rendered":"Inicio"},"content":{"rendered":"\t\t<div data-elementor-type=\"wp-page\" data-elementor-id=\"3634\" class=\"elementor elementor-3634\" data-elementor-post-type=\"page\">\n\t\t\t\t<div class=\"elementor-element elementor-element-52d074e e-flex e-con-boxed e-con e-parent\" data-id=\"52d074e\" data-element_type=\"container\" data-e-type=\"container\" data-settings=\"{&quot;background_background&quot;:&quot;classic&quot;}\">\n\t\t\t\t\t<div class=\"e-con-inner\">\n\t\t<div class=\"elementor-element elementor-element-6ba1049 e-con-full e-flex e-con e-child\" data-id=\"6ba1049\" data-element_type=\"container\" data-e-type=\"container\">\n\t\t\t\t<div class=\"elementor-element elementor-element-db92ffc elementor-widget elementor-widget-heading\" data-id=\"db92ffc\" data-element_type=\"widget\" data-e-type=\"widget\" data-widget_type=\"heading.default\">\n\t\t\t\t<div class=\"elementor-widget-container\">\n\t\t\t\t\t<h2 class=\"elementor-heading-title elementor-size-default\">BY CYBOLT<\/h2>\t\t\t\t<\/div>\n\t\t\t\t<\/div>\n\t\t\t\t<div class=\"elementor-element elementor-element-dbe9ccd elementor-widget elementor-widget-heading\" data-id=\"dbe9ccd\" data-element_type=\"widget\" data-e-type=\"widget\" data-widget_type=\"heading.default\">\n\t\t\t\t<div class=\"elementor-widget-container\">\n\t\t\t\t\t<h1 class=\"elementor-heading-title elementor-size-default\">Observatorio de amen\u00e1zas y respuesta\u2028 a incidentes<\/h1>\t\t\t\t<\/div>\n\t\t\t\t<\/div>\n\t\t\t\t<div class=\"elementor-element elementor-element-3e3c307 elementor-widget elementor-widget-text-editor\" data-id=\"3e3c307\" data-element_type=\"widget\" data-e-type=\"widget\" data-widget_type=\"text-editor.default\">\n\t\t\t\t<div class=\"elementor-widget-container\">\n\t\t\t\t\t\t\t\t\t<p>Protegemos la infraestructura y los\u00a0activos digitales\u00a0de tu empresa al detectar, resolver y mitigar incidentes de seguridad cibern\u00e9tica de manera efectiva<\/p>\t\t\t\t\t\t\t\t<\/div>\n\t\t\t\t<\/div>\n\t\t\t\t<div class=\"elementor-element elementor-element-6f84371 elementor-widget elementor-widget-button\" data-id=\"6f84371\" data-element_type=\"widget\" data-e-type=\"widget\" data-widget_type=\"button.default\">\n\t\t\t\t<div class=\"elementor-widget-container\">\n\t\t\t\t\t\t\t\t\t<div class=\"elementor-button-wrapper\">\n\t\t\t\t\t<a class=\"elementor-button elementor-button-link elementor-size-sm\" href=\"https:\/es\/nosotros\">\n\t\t\t\t\t\t<span class=\"elementor-button-content-wrapper\">\n\t\t\t\t\t\t\t\t\t<span class=\"elementor-button-text\">CONOCE M\u00c1S<\/span>\n\t\t\t\t\t<\/span>\n\t\t\t\t\t<\/a>\n\t\t\t\t<\/div>\n\t\t\t\t\t\t\t\t<\/div>\n\t\t\t\t<\/div>\n\t\t\t\t<\/div>\n\t\t<div class=\"elementor-element elementor-element-13cdf88 e-con-full elementor-hidden-mobile e-flex e-con e-child\" data-id=\"13cdf88\" data-element_type=\"container\" data-e-type=\"container\">\n\t\t\t\t<\/div>\n\t\t\t\t\t<\/div>\n\t\t\t\t<\/div>\n\t\t<div class=\"elementor-element elementor-element-4f2b626 e-flex e-con-boxed e-con e-parent\" data-id=\"4f2b626\" data-element_type=\"container\" data-e-type=\"container\">\n\t\t\t\t\t<div class=\"e-con-inner\">\n\t\t<div class=\"elementor-element elementor-element-03757f2 e-con-full e-flex e-con e-child\" data-id=\"03757f2\" data-element_type=\"container\" data-e-type=\"container\" data-settings=\"{&quot;background_background&quot;:&quot;classic&quot;}\">\n\t\t\t\t<div class=\"elementor-element elementor-element-577e1e3 elementor-widget elementor-widget-heading\" data-id=\"577e1e3\" data-element_type=\"widget\" data-e-type=\"widget\" data-widget_type=\"heading.default\">\n\t\t\t\t<div class=\"elementor-widget-container\">\n\t\t\t\t\t<h2 class=\"elementor-heading-title elementor-size-default\">\u00bfqu\u00e9 es un csirt?<\/h2>\t\t\t\t<\/div>\n\t\t\t\t<\/div>\n\t\t\t\t<div class=\"elementor-element elementor-element-d7a2bf0 elementor-widget elementor-widget-heading\" data-id=\"d7a2bf0\" data-element_type=\"widget\" data-e-type=\"widget\" data-widget_type=\"heading.default\">\n\t\t\t\t<div class=\"elementor-widget-container\">\n\t\t\t\t\t<h2 class=\"elementor-heading-title elementor-size-default\">Protegemos tu empresa contra amenazas cibern\u00e9ticas<\/h2>\t\t\t\t<\/div>\n\t\t\t\t<\/div>\n\t\t\t\t<div class=\"elementor-element elementor-element-d1b67a1 elementor-widget elementor-widget-text-editor\" data-id=\"d1b67a1\" data-element_type=\"widget\" data-e-type=\"widget\" data-widget_type=\"text-editor.default\">\n\t\t\t\t<div class=\"elementor-widget-container\">\n\t\t\t\t\t\t\t\t\t<div class=\"about-des\"><p>En el coraz\u00f3n de nuestro enfoque est\u00e1 la operaci\u00f3n de un\u00a0CSIRT. Este equipo especializado se dedica en la investigaci\u00f3n, a la detecci\u00f3n, an\u00e1lisis, mitigaci\u00f3n y respuesta a incidentes de seguridad cibern\u00e9tica. Trabajamos incansablemente para proteger\u00a0 organizaciones contra amenazas cibern\u00e9ticas y colaborar en su proceso de recuperaci\u00f3n post-incidente.<br \/><br \/>En\u00a0BeaconLab, estamos comprometidos a brindar apoyo, colaboraci\u00f3n y gu\u00eda durante un incidente de seguridad y al mismo tiempo recomendaciones para evitar que se repita.\u00a0 Utilizamos el estado de arte en procesos de investigaci\u00f3n y tecnolog\u00edas actuales para proteger sus activos digitales.<br \/><br \/>Si tienes alguna pregunta o necesitas asistencia en ciberseguridad, no dudes en ponerte en contacto con nuestro equipo.<\/p><\/div>\t\t\t\t\t\t\t\t<\/div>\n\t\t\t\t<\/div>\n\t\t\t\t<div class=\"elementor-element elementor-element-3614573 elementor-widget elementor-widget-button\" data-id=\"3614573\" data-element_type=\"widget\" data-e-type=\"widget\" data-widget_type=\"button.default\">\n\t\t\t\t<div class=\"elementor-widget-container\">\n\t\t\t\t\t\t\t\t\t<div class=\"elementor-button-wrapper\">\n\t\t\t\t\t<a class=\"elementor-button elementor-button-link elementor-size-sm\" href=\"https:\/es\/nosotros\">\n\t\t\t\t\t\t<span class=\"elementor-button-content-wrapper\">\n\t\t\t\t\t\t\t\t\t<span class=\"elementor-button-text\">Descubre nuestro enfoque<\/span>\n\t\t\t\t\t<\/span>\n\t\t\t\t\t<\/a>\n\t\t\t\t<\/div>\n\t\t\t\t\t\t\t\t<\/div>\n\t\t\t\t<\/div>\n\t\t\t\t<div class=\"elementor-element elementor-element-e312e4c elementor-hidden-desktop elementor-widget elementor-widget-image\" data-id=\"e312e4c\" data-element_type=\"widget\" data-e-type=\"widget\" data-widget_type=\"image.default\">\n\t\t\t\t<div class=\"elementor-widget-container\">\n\t\t\t\t\t\t\t\t\t\t\t\t\t\t\t<img fetchpriority=\"high\" decoding=\"async\" width=\"697\" height=\"856\" src=\"https:\/\/beaconlab.us\/wp-content\/uploads\/2024\/10\/glowing-beacon-guiding-way-1-1.webp\" class=\"attachment-large size-large wp-image-8381\" alt=\"\" srcset=\"https:\/\/beaconlab.us\/wp-content\/uploads\/2024\/10\/glowing-beacon-guiding-way-1-1.webp 697w, https:\/\/beaconlab.us\/wp-content\/uploads\/2024\/10\/glowing-beacon-guiding-way-1-1-244x300.webp 244w\" sizes=\"(max-width: 697px) 100vw, 697px\" \/>\t\t\t\t\t\t\t\t\t\t\t\t\t\t\t<\/div>\n\t\t\t\t<\/div>\n\t\t\t\t<\/div>\n\t\t<div class=\"elementor-element elementor-element-12b9b9e e-con-full elementor-hidden-tablet elementor-hidden-mobile e-flex e-con e-child\" data-id=\"12b9b9e\" data-element_type=\"container\" data-e-type=\"container\" data-settings=\"{&quot;background_background&quot;:&quot;classic&quot;}\">\n\t\t\t\t<\/div>\n\t\t\t\t\t<\/div>\n\t\t\t\t<\/div>\n\t\t<div class=\"elementor-element elementor-element-116c99f e-flex e-con-boxed e-con e-parent\" data-id=\"116c99f\" data-element_type=\"container\" data-e-type=\"container\" data-settings=\"{&quot;background_background&quot;:&quot;classic&quot;}\">\n\t\t\t\t\t<div class=\"e-con-inner\">\n\t\t<div class=\"elementor-element elementor-element-67e8e51 e-con-full e-flex e-con e-child\" data-id=\"67e8e51\" data-element_type=\"container\" data-e-type=\"container\">\n\t\t\t\t<div class=\"elementor-element elementor-element-41b8ea6 elementor-widget elementor-widget-heading\" data-id=\"41b8ea6\" data-element_type=\"widget\" data-e-type=\"widget\" data-widget_type=\"heading.default\">\n\t\t\t\t<div class=\"elementor-widget-container\">\n\t\t\t\t\t<h2 class=\"elementor-heading-title elementor-size-default\">La gesti\u00f3n de un ciber incidente<\/h2>\t\t\t\t<\/div>\n\t\t\t\t<\/div>\n\t\t\t\t<div class=\"elementor-element elementor-element-d87ea3f elementor-widget elementor-widget-image\" data-id=\"d87ea3f\" data-element_type=\"widget\" data-e-type=\"widget\" data-widget_type=\"image.default\">\n\t\t\t\t<div class=\"elementor-widget-container\">\n\t\t\t\t\t\t\t\t\t\t\t\t\t\t\t<img decoding=\"async\" width=\"800\" height=\"264\" src=\"https:\/\/beaconlab.us\/wp-content\/uploads\/2024\/10\/Our-cyber-incident-approach-1-1024x338.webp\" class=\"attachment-large size-large wp-image-8249\" alt=\"\" srcset=\"https:\/\/beaconlab.us\/wp-content\/uploads\/2024\/10\/Our-cyber-incident-approach-1-1024x338.webp 1024w, https:\/\/beaconlab.us\/wp-content\/uploads\/2024\/10\/Our-cyber-incident-approach-1-300x99.webp 300w, https:\/\/beaconlab.us\/wp-content\/uploads\/2024\/10\/Our-cyber-incident-approach-1-768x253.webp 768w, https:\/\/beaconlab.us\/wp-content\/uploads\/2024\/10\/Our-cyber-incident-approach-1.webp 1200w\" sizes=\"(max-width: 800px) 100vw, 800px\" \/>\t\t\t\t\t\t\t\t\t\t\t\t\t\t\t<\/div>\n\t\t\t\t<\/div>\n\t\t\t\t<div class=\"elementor-element elementor-element-d45d529 elementor-widget elementor-widget-text-editor\" data-id=\"d45d529\" data-element_type=\"widget\" data-e-type=\"widget\" data-widget_type=\"text-editor.default\">\n\t\t\t\t<div class=\"elementor-widget-container\">\n\t\t\t\t\t\t\t\t\t<p style=\"text-align: center;\">En BeaconLab, seguimos el marco de respuesta a incidentes del NIST, que consta de cuatro fases clave. En la fase de <strong>preparaci\u00f3n<\/strong>, se desarrollan planes de respuesta, se asigna un equipo dedicado y se implementan medidas de seguridad. Durante la fase de <strong>detecci\u00f3n<\/strong> y <strong>an\u00e1lisis<\/strong>, se monitorean los sistemas y redes, y se investiga a fondo la naturaleza y el alcance del incidente. La fase de <strong>contenci\u00f3n<\/strong>, <strong>erradicaci\u00f3n<\/strong> <strong>y recuperaci\u00f3n<\/strong> se enfoca en tomar medidas decisivas para contener y eliminar el incidente, as\u00ed como en restaurar las operaciones normales. Finalmente, en la fase de <strong>actividades post incidente<\/strong>, se revisa el incidente, se documentan las acciones tomadas y se implementan mejoras para prevenir futuros incidentes.<br \/><br \/>Adem\u00e1s de seguir este marco est\u00e1ndar en la gesti\u00f3n de incidentes, BeaconLab es miembro activo de FIRST, cumpliendo con sus normativas y colaborando activamente con la comunidad mundial de CSIRTs.<\/p>\t\t\t\t\t\t\t\t<\/div>\n\t\t\t\t<\/div>\n\t\t\t\t<\/div>\n\t\t\t\t\t<\/div>\n\t\t\t\t<\/div>\n\t\t<div class=\"elementor-element elementor-element-15d7a7c e-flex e-con-boxed e-con e-parent\" data-id=\"15d7a7c\" data-element_type=\"container\" data-e-type=\"container\">\n\t\t\t\t\t<div class=\"e-con-inner\">\n\t\t\t\t<div class=\"elementor-element elementor-element-88e1088 elementor-widget elementor-widget-heading\" data-id=\"88e1088\" data-element_type=\"widget\" data-e-type=\"widget\" data-widget_type=\"heading.default\">\n\t\t\t\t<div class=\"elementor-widget-container\">\n\t\t\t\t\t<h2 class=\"elementor-heading-title elementor-size-default\">\u00daltimas Alertas<\/h2>\t\t\t\t<\/div>\n\t\t\t\t<\/div>\n\t\t\t\t<div class=\"elementor-element elementor-element-03e1d90 elementor-align-center elementor-widget elementor-widget-button\" data-id=\"03e1d90\" data-element_type=\"widget\" data-e-type=\"widget\" data-widget_type=\"button.default\">\n\t\t\t\t<div class=\"elementor-widget-container\">\n\t\t\t\t\t\t\t\t\t<div class=\"elementor-button-wrapper\">\n\t\t\t\t\t<a class=\"elementor-button elementor-button-link elementor-size-sm\" href=\"https:\/es\/alertas\/\">\n\t\t\t\t\t\t<span class=\"elementor-button-content-wrapper\">\n\t\t\t\t\t\t\t\t\t<span class=\"elementor-button-text\">visita nuestro centro de alertas<\/span>\n\t\t\t\t\t<\/span>\n\t\t\t\t\t<\/a>\n\t\t\t\t<\/div>\n\t\t\t\t\t\t\t\t<\/div>\n\t\t\t\t<\/div>\n\t\t\t\t\t<\/div>\n\t\t\t\t<\/div>\n\t\t\t\t<\/div>\n\t\t","protected":false},"excerpt":{"rendered":"<p>BY CYBOLT Observatorio de amen\u00e1zas y respuesta\u2028 a incidentes Protegemos la infraestructura y los\u00a0activos digitales\u00a0de tu empresa al detectar, resolver y mitigar incidentes de seguridad cibern\u00e9tica de manera efectiva CONOCE M\u00c1S \u00bfqu\u00e9 es un csirt? Protegemos tu empresa contra amenazas cibern\u00e9ticas En el coraz\u00f3n de nuestro enfoque est\u00e1 la operaci\u00f3n de un\u00a0CSIRT. Este equipo especializado [&hellip;]<\/p>\n","protected":false},"author":1,"featured_media":0,"parent":0,"menu_order":0,"comment_status":"closed","ping_status":"closed","template":"","meta":{"_acf_changed":false,"_monsterinsights_skip_tracking":false,"_monsterinsights_sitenote_active":false,"_monsterinsights_sitenote_note":"","_monsterinsights_sitenote_category":0,"footnotes":""},"class_list":["post-3634","page","type-page","status-publish","hentry"],"acf":[],"aioseo_notices":[],"_links":{"self":[{"href":"https:\/\/beaconlab.us\/es\/wp-json\/wp\/v2\/pages\/3634","targetHints":{"allow":["GET"]}}],"collection":[{"href":"https:\/\/beaconlab.us\/es\/wp-json\/wp\/v2\/pages"}],"about":[{"href":"https:\/\/beaconlab.us\/es\/wp-json\/wp\/v2\/types\/page"}],"author":[{"embeddable":true,"href":"https:\/\/beaconlab.us\/es\/wp-json\/wp\/v2\/users\/1"}],"replies":[{"embeddable":true,"href":"https:\/\/beaconlab.us\/es\/wp-json\/wp\/v2\/comments?post=3634"}],"version-history":[{"count":601,"href":"https:\/\/beaconlab.us\/es\/wp-json\/wp\/v2\/pages\/3634\/revisions"}],"predecessor-version":[{"id":10477,"href":"https:\/\/beaconlab.us\/es\/wp-json\/wp\/v2\/pages\/3634\/revisions\/10477"}],"wp:attachment":[{"href":"https:\/\/beaconlab.us\/es\/wp-json\/wp\/v2\/media?parent=3634"}],"curies":[{"name":"wp","href":"https:\/\/api.w.org\/{rel}","templated":true}]}}