{"id":10053,"date":"2024-11-15T11:42:00","date_gmt":"2024-11-15T17:42:00","guid":{"rendered":"https:\/politica-de-privacidad\/"},"modified":"2024-11-15T16:06:06","modified_gmt":"2024-11-15T22:06:06","slug":"politica-de-privacidad","status":"publish","type":"page","link":"https:\/\/beaconlab.us\/es\/politica-de-privacidad\/","title":{"rendered":"Pol\u00edtica de privacidad"},"content":{"rendered":"\t\t<div data-elementor-type=\"wp-page\" data-elementor-id=\"10053\" class=\"elementor elementor-10053 elementor-10051\" data-elementor-post-type=\"page\">\n\t\t\t\t<div class=\"elementor-element elementor-element-d9c5604 e-flex e-con-boxed e-con e-parent\" data-id=\"d9c5604\" data-element_type=\"container\" data-e-type=\"container\">\n\t\t\t\t\t<div class=\"e-con-inner\">\n\t\t\t\t<div class=\"elementor-element elementor-element-ef53bdb elementor-widget elementor-widget-text-editor\" data-id=\"ef53bdb\" data-element_type=\"widget\" data-e-type=\"widget\" data-widget_type=\"text-editor.default\">\n\t\t\t\t<div class=\"elementor-widget-container\">\n\t\t\t\t\t\t\t\t\t<div class=\"elementor-widget-container\">\n\t\t\t\t\t\t\t<h2 class=\"wp-block-heading\">Aviso de Privacidad<\/h2>\n<p><\/p>\n<p><\/p>\n<p><strong>Informaci\u00f3n Segura, S.A. de C.V.; CKC Consultores, S.A. de C.V.; Cybolt Managed Services, S.A. de C.V.; Tagsec Group, S.A. de C.V., Cyber Shared Services, S.A. de C.V., y Cybolt Executives S.A. de C.V. y Cyber Team S.A.P.I.<\/strong> , su controladora, filiales y sociedades del mismo grupo corporativo, en adelante \u201cCYBOLT\u201d, con domicilio ubicado en Boulevard Manuel \u00c1vila Camacho 5, Torre B Piso 23 Oficina B-2301, Colonia Lomas de Sotelo, Naucalpan de Ju\u00e1rez, Estado de M\u00e9xico, C.P. 53390 y portal de internet www.cybolt.com, es el responsable del uso y protecci\u00f3n de sus datos personales, y al respecto le informamos lo siguiente:<\/p>\n<p><\/p>\n<p><\/p>\n<h3 class=\"wp-block-heading\">\u00bfPara qu\u00e9 fines utilizaremos sus datos personales?<\/h3>\n<p><\/p>\n<p><\/p>\n<p>Los datos personales que recabamos de usted, los utilizaremos para las siguientes finalidades que son necesarias para el servicio que solicita:<\/p>\n<p><\/p>\n<p><\/p>\n<ul class=\"wp-block-list\">\n<li style=\"list-style-type: none;\">\n<ul class=\"wp-block-list\"><\/ul>\n<\/li>\n<\/ul>\n<ul class=\"wp-block-list\">\n<li style=\"list-style-type: none;\">\n<ul class=\"wp-block-list\">\n<li>Para presentar propuestas y cotizaciones de servicios.<\/li>\n<li>Para la celebraci\u00f3n de contratos y acuerdos.<\/li>\n<li>Para atender cualquier solicitud, comentario o pregunta relacionada con la prestaci\u00f3n de nuestros servicios.<\/li>\n<li>Para invitarlo a pr\u00f3ximos eventos u ofertas que creemos que pueden interesarle.<\/li>\n<li>Para administrar una promoci\u00f3n, encuesta o discusiones en nuestro sitio.<\/li>\n<li>Para organizar seminarios web.<\/li>\n<li>Para solicitar calificaciones y revisiones de servicios o productos.<\/li>\n<li>Para atender cualquier denuncia a trav\u00e9s de nuestro portal.<\/li>\n<li>Para su acceso a nuestras instalaciones<\/li>\n<\/ul>\n<\/li>\n<\/ul>\n<p><\/p>\n<p><\/p>\n<p><\/p>\n<p>De manera adicional, utilizaremos su informaci\u00f3n personal para las siguientes finalidades secundarias que no son necesarias para el servicio solicitado, pero que nos permiten y facilitan brindarle una mejor atenci\u00f3n:<\/p>\n<p><\/p>\n<p><\/p>\n<ul class=\"wp-block-list\">\n<li style=\"list-style-type: none;\">\n<ul class=\"wp-block-list\"><\/ul>\n<\/li>\n<\/ul>\n<ul class=\"wp-block-list\">\n<li style=\"list-style-type: none;\">\n<ul class=\"wp-block-list\">\n<li>Fines de mercadotecnia y publicidad.<\/li>\n<\/ul>\n<\/li>\n<\/ul>\n<p><\/p>\n<p><\/p>\n<p><\/p>\n<p>En caso de que no desee que sus datos personales sean tratados para estos fines secundarios, desde este momento usted nos puede comunicar lo anterior enviando un correo electr\u00f3nico a: <a href=\"mailto:arco@cybolt.com\">arco@cybolt.com<\/a><\/p>\n<p>La negativa para el uso de sus datos personales para estas finalidades no podr\u00e1 ser un motivo para que le neguemos los servicios y productos que solicita o contrata con nosotros.<\/p>\n<p><\/p>\n<p><\/p>\n<h3 class=\"wp-block-heading\">\u00bfQu\u00e9 datos personales utilizaremos para estos fines?<\/h3>\n<p><\/p>\n<p><\/p>\n<p><\/p>\n<p><\/p>\n<ul class=\"wp-block-list\">\n<li style=\"list-style-type: none;\">\n<ul class=\"wp-block-list\"><\/ul>\n<\/li>\n<\/ul>\n<ul class=\"wp-block-list\">\n<li style=\"list-style-type: none;\">\n<ul class=\"wp-block-list\">\n<li>Datos de identificaci\u00f3n<\/li>\n<\/ul>\n<\/li>\n<\/ul>\n<p><\/p>\n<p><\/p>\n<ul class=\"wp-block-list\">\n<li style=\"list-style-type: none;\">\n<ul class=\"wp-block-list\">\n<li>Datos de contacto<\/li>\n<\/ul>\n<\/li>\n<\/ul>\n<p><\/p>\n<p><\/p>\n<ul class=\"wp-block-list\">\n<li style=\"list-style-type: none;\">\n<ul class=\"wp-block-list\">\n<li>Datos laborales<\/li>\n<\/ul>\n<\/li>\n<\/ul>\n<p><\/p>\n<p><\/p>\n<p><\/p>\n<p>Para llevar a cabo las finalidades informadas en el presente Aviso de Privacidad NO se utilizar\u00e1n datos personales sensibles.<\/p>\n<h3 class=\"wp-block-heading\">Datos personales de terceros.<\/h3>\n<p>En caso de que usted proporcion\u00e9 datos personales de terceros a Cybolt para la verificaci\u00f3n de posibles conflictos de inter\u00e9s, deber\u00e1 informarles previamente sobre la existencia del tratamiento de sus datos personales, as\u00ed como el contenido de este aviso de privacidad.<br>Al entregar a Cybolt datos personales de terceros, tambi\u00e9n manifiesta que cuenta con el consentimiento previo de los titulares due\u00f1os de los datos, para compartir su informaci\u00f3n con Cybolt, as\u00ed como que los mismos son correctos y completos.<\/p>\n<p><\/p>\n<p><\/p>\n<h3 class=\"wp-block-heading\">\u00bfCon qui\u00e9n compartimos su informaci\u00f3n personal y para qu\u00e9 fines?<\/h3>\n<p><\/p>\n<p><\/p>\n<p>CYBOLT podr\u00e1 transferir sus datos personales a sus subsidiarias, afiliadas y sociedad controladora que cuentan con sus mismas pol\u00edticas de privacidad, en territorio nacional o en el extranjero.<\/p>\n<p><\/p>\n<p><\/p>\n<p>Asimismo, CYBOLT podr\u00e1 transmitir sus datos personales a las terceras personas autorizadas con quienes tenemos una relaci\u00f3n jur\u00eddica en territorio nacional y\/o en el extranjero, para dar cumplimiento a los t\u00e9rminos y condiciones del contrato celebrado con usted y a las disposiciones legales vigentes.<\/p>\n<p>Cybolt podr\u00e1 compartir sus datos personales con las autoridades judiciales o administrativas, para el cumplimiento de obligaciones legales, cuando estas le hagan la solicitud debidamente fundada y motivada.<\/p>\n<p>Para las transferencias mencionadas anteriormente, no se requiere de su consentimiento para ser efectuadas.<\/p>\n<p>Adicionalmente, Cybolt podr\u00e1 compartir sus datos personales con los siguientes terceros:<\/p>\n<p><\/p>\n<p><\/p>\n<figure class=\"wp-block-table\">\n<table class=\"has-fixed-layout\">\n<tbody>\n<tr>\n<th>Destinatario de los datos personales<\/th>\n<th>Finalidad<\/th>\n<\/tr>\n<tr>\n<td>Terceros<\/td>\n<td>Para realizar eventos de marketing con clientes, proveedores, asociados y\/o partners en donde participemos con alguna de nuestras marcas o servicios.<\/td>\n<\/tr>\n<tr>\n<td>Fabricantes<\/td>\n<td>Para dar de alta y registrar a nombre del usuario final el software o hardware cuando sea solicitado a un fabricante.<\/td>\n<\/tr>\n<\/tbody>\n<\/table>\n<\/figure>\n<p><\/p>\n<p><\/p>\n<p>En caso de que no desee que sus datos personales sean transferidos a los terceros mencionados, desde este momento usted nos puede comunicar lo anterior enviando un correo electr\u00f3nico a: <a href=\"mailto:arco@cybolt.com\">arco@cybolt.com<\/a><\/p>\n<p>En caso de que no obtengamos una oposici\u00f3n expresa de su parte para que sus datos personales sean transferidos en la forma y t\u00e9rminos antes descritos, entenderemos que ha otorgado su consentimiento para ello.<\/p>\n<h3 class=\"wp-block-heading\">\u00bfC\u00f3mo puede acceder, rectificar, cancelar u oponerse al uso de sus datos personales?<\/h3>\n<p><\/p>\n<p><\/p>\n<p>Usted tiene derecho a conocer qu\u00e9 datos personales tenemos de usted, para qu\u00e9 los utilizamos y las condiciones del uso que les damos (Acceso). Asimismo, es su derecho solicitar la correcci\u00f3n de su informaci\u00f3n personal en caso de que est\u00e9 desactualizada, sea inexacta o incompleta (Rectificaci\u00f3n); que la eliminemos de nuestros registros o bases de datos cuando considere que la misma no est\u00e1 siendo utilizada adecuadamente (Cancelaci\u00f3n); as\u00ed como oponerse al uso de sus datos personales para fines espec\u00edficos (Oposici\u00f3n). Estos derechos se conocen como derechos <strong>ARCO.<\/strong><\/p>\n<p>Para conocer el procedimiento del ejercicio de los derechos <strong>ARCO,<\/strong> usted deber\u00e1 presentar la solicitud respectiva enviando un correo electr\u00f3nico a: <a href=\"mailto:arco@cybolt.com\">arco@cybolt.com<\/a>, a trav\u00e9s del cual se le dar\u00e1 a conocer los requisitos, plazos, medios de respuesta y de comunicaci\u00f3n en caso de solicitud de Acceso, as\u00ed como los m\u00e9todos simplificados para ejercicio de sus derechos.<\/p>\n<p>Tambi\u00e9n ponemos a su disposici\u00f3n el \u201cFormato de Solicitud de Derechos ARCO y Revocaci\u00f3n del Consentimiento\u201d que puede acceder a trav\u00e9s de la liga&nbsp;<a href=\"tps:\/\/cybolt.com\/latam\/wp-content\/uploads\/2024\/09\/Formato-de-Derechos-ARCO-y-Revocacion-del-Consentimiento.pdf\" target=\"_blank\" rel=\"noopener\">https:\/\/cybolt.com\/latam\/wp-content\/uploads\/2024\/09\/Formato-de-Derechos-ARCO-y-Revocacion-del-Consentimiento.pdf&nbsp;<\/a>o bien acceder a \u00e9l a trav\u00e9s del anexo que se encuentra en el presente aviso de privacidad. Dicho documento contiene m\u00e1s informaci\u00f3n acerca de los derechos ARCO, as\u00ed como el formato de facilitaci\u00f3n que puede llenar y hacer llegar al correo <a href=\"mailto:arco@cybolt.com\">arco@cybolt.com<\/a> con la solicitud respectiva.<\/p>\n<p>En caso de que nuestra respuesta a su solicitud de derechos ARCO sea negativa, a usted le asiste el derecho para dar inicio al procedimiento de protecci\u00f3n de derechos ante el Instituto Nacional de Transparencia, Acceso a la Informaci\u00f3n y Protecci\u00f3n de Datos Personales (INAI).<\/p>\n<p><\/p>\n<p><\/p>\n<p>Los datos de contacto de la persona o departamento de datos personales, que est\u00e1 a cargo de dar tr\u00e1mite a las solicitudes de derechos ARCO, son los siguientes:<\/p>\n<p><\/p>\n<p><\/p>\n<p>a) Nombre de la persona o departamento de datos personales: Compliance Working Group b) Domicilio: Boulevard Manuel \u00c1vila Camacho 5, Torre B Piso 23 Oficina B-2301, Colonia Lomas de Sotelo, Naucalpan de Ju\u00e1rez, C.P. 53390, Estado de M\u00e9xico. c) Correo electr\u00f3nico: <a href=\"mailto:arco@cybolt.com\">arco@cybolt.com<\/a><\/p>\n<p><\/p>\n<p><\/p>\n<h3 class=\"wp-block-heading\">\u00bfC\u00f3mo puede revocar su consentimiento para el uso de sus datos personales?<\/h3>\n<p><\/p>\n<p><\/p>\n<p>Usted puede revocar el consentimiento que, en su caso, nos haya otorgado para el tratamiento de sus datos personales. Sin embargo, es importante que tenga en cuenta que no en todos los casos podremos atender su solicitud o concluir el uso de forma inmediata, ya que es posible que por alguna obligaci\u00f3n legal requiramos seguir tratando sus datos personales.<\/p>\n<p><\/p>\n<p><\/p>\n<p>Para conocer el procedimiento de revocaci\u00f3n del consentimiento, usted deber\u00e1 presentar la solicitud respectiva enviando un correo electr\u00f3nico a: arco@cybolt.com, a trav\u00e9s del cual se le dar\u00e1 a conocer los requisitos, plazos, medios de respuesta y m\u00e9todos simplificados para ejercicio de sus derechos. O bien, acceder a nuestro \u201cFormato de Derechos ARCO y Revocaci\u00f3n del consentimiento\u201d trav\u00e9s de la liga <a href=\"https:\/\/cybolt.com\/latam\/wp-content\/uploads\/2024\/09\/Formato-de-Derechos-ARCO-y-Revocacion-del-Consentimiento.pdf\">https:\/\/cybolt.com\/latam\/wp-content\/uploads\/2024\/09\/Formato-de-Derechos-ARCO-y-Revocacion-del-Consentimiento.pdf<\/a> o a trav\u00e9s del anexo que se encuentra en el presente aviso de privacidad. Dicho anexo podr\u00e1 llenarlo y hacerlo llegar al correo <a href=\"mailto:arco@cybolt.com\">arco@cybolt.com<\/a> para presentar su solicitud de revocaci\u00f3n del consentimiento.<\/p>\n<p><\/p>\n<p><\/p>\n<h3 class=\"wp-block-heading\">\u00bfC\u00f3mo puede limitar el uso o divulgaci\u00f3n de su informaci\u00f3n personal?<\/h3>\n<p><\/p>\n<p><\/p>\n<p>Con objeto de que usted pueda limitar el uso y divulgaci\u00f3n de su informaci\u00f3n personal, usted podr\u00e1 enviar un correo electr\u00f3nico con dicha solicitud a: <a href=\"mailto:arco@cybolt.com\">arco@cybolt.com<\/a> para obtener mayor informaci\u00f3n y que, en caso de ser procedente, lo registremos dentro de nuestros listados de exclusi\u00f3n.<\/p>\n<p><\/p>\n<p><\/p>\n<p><\/p>\n<p><\/p>\n<figure class=\"wp-block-table\">\n<table class=\"has-fixed-layout\">\n<tbody>\n<tr>\n<th>Nombre del listado<\/th>\n<th>Finalidad para las que aplica<\/th>\n<th>Medio para obtener m\u00e1s informaci\u00f3n<\/th>\n<\/tr>\n<tr>\n<td>Listado de Exclusi\u00f3n para el uso de datos personales<\/td>\n<td>Limitar el uso o divulgaci\u00f3n de sus datos personales<\/td>\n<td><a href=\"mailto:arco@cybolt.com\">arco@cybolt.com<\/a><\/td>\n<\/tr>\n<\/tbody>\n<\/table>\n<\/figure>\n<p><\/p>\n<p><\/p>\n<h3 class=\"wp-block-heading\">El uso de tecnolog\u00edas de rastreo en nuestro portal de internet<\/h3>\n<p><\/p>\n<p><\/p>\n<p>Le informamos que en nuestra p\u00e1gina de internet utilizamos cookies, web beacons u otras tecnolog\u00edas, a trav\u00e9s de las cuales es posible monitorear su comportamiento como usuario de internet, as\u00ed como brindarle un mejor servicio y experiencia al navegar en nuestra p\u00e1gina. Los datos personales que recabamos a trav\u00e9s de estas tecnolog\u00edas, los utilizaremos para los siguientes fines:<\/p>\n<p><\/p>\n<p><\/p>\n<ul class=\"wp-block-list\">\n<li style=\"list-style-type: none;\">\n<ul class=\"wp-block-list\"><\/ul>\n<\/li>\n<\/ul>\n<ul class=\"wp-block-list\">\n<li style=\"list-style-type: none;\">\n<ul class=\"wp-block-list\">\n<li>Para contactar al usuario para cualquier fin solicitado por este.<\/li>\n<\/ul>\n<\/li>\n<\/ul>\n<p><\/p>\n<p><\/p>\n<p><\/p>\n<p>Los datos personales que obtenemos de estas tecnolog\u00edas de rastreo son los siguientes:<\/p>\n<p><\/p>\n<p><\/p>\n<ul class=\"wp-block-list\">\n<li style=\"list-style-type: none;\">\n<ul class=\"wp-block-list\"><\/ul>\n<\/li>\n<\/ul>\n<ul class=\"wp-block-list\">\n<li style=\"list-style-type: none;\">\n<ul class=\"wp-block-list\">\n<li>Tipo de dispositivo por el cual accede el usuario.<\/li>\n<\/ul>\n<\/li>\n<\/ul>\n<p><\/p>\n<p><\/p>\n<ul class=\"wp-block-list\">\n<li style=\"list-style-type: none;\">\n<ul class=\"wp-block-list\">\n<li>El comportamiento de navegaci\u00f3n del usuario (navegaci\u00f3n entre secciones del sitio web).<\/li>\n<\/ul>\n<\/li>\n<\/ul>\n<p><\/p>\n<p><\/p>\n<ul class=\"wp-block-list\">\n<li style=\"list-style-type: none;\">\n<ul class=\"wp-block-list\">\n<li>Horarios de navegaci\u00f3n.<\/li>\n<\/ul>\n<\/li>\n<\/ul>\n<p><\/p>\n<p><\/p>\n<ul class=\"wp-block-list\">\n<li style=\"list-style-type: none;\">\n<ul class=\"wp-block-list\">\n<li>Fechas de navegaci\u00f3n.<\/li>\n<\/ul>\n<\/li>\n<\/ul>\n<p><\/p>\n<p><\/p>\n<ul class=\"wp-block-list\">\n<li style=\"list-style-type: none;\">\n<ul class=\"wp-block-list\">\n<li>Edad de usuario.<\/li>\n<\/ul>\n<\/li>\n<\/ul>\n<p><\/p>\n<p><\/p>\n<ul class=\"wp-block-list\">\n<li style=\"list-style-type: none;\">\n<ul class=\"wp-block-list\">\n<li>Genero de usuario.<\/li>\n<\/ul>\n<\/li>\n<\/ul>\n<p><\/p>\n<p><\/p>\n<ul class=\"wp-block-list\">\n<li style=\"list-style-type: none;\">\n<ul class=\"wp-block-list\">\n<li>Idioma preferido por el usuario.<\/li>\n<\/ul>\n<\/li>\n<\/ul>\n<p><\/p>\n<p><\/p>\n<ul class=\"wp-block-list\">\n<li style=\"list-style-type: none;\">\n<ul class=\"wp-block-list\">\n<li>Regi\u00f3n en la que se encuentra el usuario.<\/li>\n<\/ul>\n<\/li>\n<\/ul>\n<p><\/p>\n<p><\/p>\n<ul class=\"wp-block-list\">\n<li style=\"list-style-type: none;\">\n<ul class=\"wp-block-list\">\n<li>Tipo de navegador del usuario.<\/li>\n<\/ul>\n<\/li>\n<\/ul>\n<p><\/p>\n<p><\/p>\n<ul class=\"wp-block-list\">\n<li style=\"list-style-type: none;\">\n<ul class=\"wp-block-list\">\n<li>Tipo de sistema operativo del usuario.<\/li>\n<\/ul>\n<\/li>\n<\/ul>\n<p><\/p>\n<p><\/p>\n<ul class=\"wp-block-list\">\n<li style=\"list-style-type: none;\">\n<ul class=\"wp-block-list\">\n<li>Publicidad revisada por un usuario.<\/li>\n<\/ul>\n<\/li>\n<\/ul>\n<p><\/p>\n<p><\/p>\n<ul class=\"wp-block-list\">\n<li style=\"list-style-type: none;\">\n<ul class=\"wp-block-list\">\n<li>Listas y h\u00e1bitos de consumo en p\u00e1ginas de compras.<\/li>\n<\/ul>\n<\/li>\n<\/ul>\n<p><\/p>\n<p><\/p>\n<p><\/p>\n<p>Asimismo, le informamos que los datos personales que se obtienen a trav\u00e9s de estas tecnolog\u00edas NO los compartimos con personas, empresas, organizaci\u00f3n o autoridades distintas a nosotros.<\/p>\n<p><\/p>\n<p><\/p>\n<p>Estas tecnolog\u00edas podr\u00e1n deshabilitarse siguiendo los siguientes pasos:<br>1. Acceder a nuestra p\u00e1gina de internet <a href=\"http:\/\/www.cybolt.com\/latam\">www.cybolt.com\/latam<\/a><br>2. Seleccionar el icono circular de color negro que aparece en la parte inferior izquierda de su pantalla<br>3.Selecciona la opci\u00f3n de \u201cRETIRAR TU CONSENTIMIENTO\u201d o bien, la opci\u00f3n de \u201cCAMBIAR TU CONSENTIMIENTO\u201d para personalizar tus preferencias en el uso de estas tecnolog\u00edas.<\/p>\n<p><\/p>\n<p><\/p>\n<h3 class=\"wp-block-heading\">\u00bfC\u00f3mo puede conocer los cambios en este aviso de privacidad?<\/h3>\n<p><\/p>\n<p><\/p>\n<p>El presente Aviso de Privacidad puede sufrir modificaciones, cambios o actualizaciones derivadas de nuevos requerimientos legales; de nuestras propias necesidades por los productos o servicios que ofrecemos; de nuestras pr\u00e1cticas de privacidad; de cambios en nuestro modelo de negocio, o por otras causas<\/p>\n<p><\/p>\n<p><\/p>\n<p>Nos comprometemos a mantenerlo informado sobre los cambios que pueda sufrir el presente Aviso de Privacidad, a trav\u00e9s del sitio <a href=\"https:\/\/cybolt.com\/latam\/www.cybolt.com\/latam\">https:\/\/cybolt.com\/latam\/<\/a><\/p>\n<p><\/p>\t\t\t\t\t\t<\/div>\t\t\t\t\t\t\t\t<\/div>\n\t\t\t\t<\/div>\n\t\t\t\t\t<\/div>\n\t\t\t\t<\/div>\n\t\t\t\t<\/div>\n\t\t","protected":false},"excerpt":{"rendered":"<p>Aviso de Privacidad Informaci\u00f3n Segura, S.A. de C.V.; CKC Consultores, S.A. de C.V.; Cybolt Managed Services, S.A. de C.V.; Tagsec Group, S.A. de C.V., Cyber Shared Services, S.A. de C.V., y Cybolt Executives S.A. de C.V. y Cyber Team S.A.P.I. , su controladora, filiales y sociedades del mismo grupo corporativo, en adelante \u201cCYBOLT\u201d, con domicilio [&hellip;]<\/p>\n","protected":false},"author":11,"featured_media":0,"parent":0,"menu_order":0,"comment_status":"closed","ping_status":"closed","template":"","meta":{"_acf_changed":false,"_monsterinsights_skip_tracking":false,"_monsterinsights_sitenote_active":false,"_monsterinsights_sitenote_note":"","_monsterinsights_sitenote_category":0,"footnotes":""},"class_list":["post-10053","page","type-page","status-publish","hentry"],"acf":[],"aioseo_notices":[],"_links":{"self":[{"href":"https:\/\/beaconlab.us\/es\/wp-json\/wp\/v2\/pages\/10053","targetHints":{"allow":["GET"]}}],"collection":[{"href":"https:\/\/beaconlab.us\/es\/wp-json\/wp\/v2\/pages"}],"about":[{"href":"https:\/\/beaconlab.us\/es\/wp-json\/wp\/v2\/types\/page"}],"author":[{"embeddable":true,"href":"https:\/\/beaconlab.us\/es\/wp-json\/wp\/v2\/users\/11"}],"replies":[{"embeddable":true,"href":"https:\/\/beaconlab.us\/es\/wp-json\/wp\/v2\/comments?post=10053"}],"version-history":[{"count":5,"href":"https:\/\/beaconlab.us\/es\/wp-json\/wp\/v2\/pages\/10053\/revisions"}],"predecessor-version":[{"id":10103,"href":"https:\/\/beaconlab.us\/es\/wp-json\/wp\/v2\/pages\/10053\/revisions\/10103"}],"wp:attachment":[{"href":"https:\/\/beaconlab.us\/es\/wp-json\/wp\/v2\/media?parent=10053"}],"curies":[{"name":"wp","href":"https:\/\/api.w.org\/{rel}","templated":true}]}}