{"id":10014,"date":"2024-11-15T10:47:26","date_gmt":"2024-11-15T16:47:26","guid":{"rendered":"https:\/gracias\/"},"modified":"2024-11-15T11:10:40","modified_gmt":"2024-11-15T17:10:40","slug":"gracias","status":"publish","type":"page","link":"https:\/\/beaconlab.us\/es\/contacto\/gracias\/","title":{"rendered":"Gracias"},"content":{"rendered":"\t\t<div data-elementor-type=\"wp-page\" data-elementor-id=\"10014\" class=\"elementor elementor-10014 elementor-10012\" data-elementor-post-type=\"page\">\n\t\t\t\t<div class=\"elementor-element elementor-element-78a8fab e-flex e-con-boxed e-con e-parent\" data-id=\"78a8fab\" data-element_type=\"container\" data-e-type=\"container\">\n\t\t\t\t\t<div class=\"e-con-inner\">\n\t\t\t\t<div class=\"elementor-element elementor-element-4bf0ca3 elementor-widget elementor-widget-heading\" data-id=\"4bf0ca3\" data-element_type=\"widget\" data-e-type=\"widget\" data-widget_type=\"heading.default\">\n\t\t\t\t<div class=\"elementor-widget-container\">\n\t\t\t\t\t<h2 class=\"elementor-heading-title elementor-size-default\">Tu mensaje se ha enviado correctamente\n<\/h2>\t\t\t\t<\/div>\n\t\t\t\t<\/div>\n\t\t\t\t<div class=\"elementor-element elementor-element-2ae16bf elementor-widget__width-initial elementor-widget elementor-widget-text-editor\" data-id=\"2ae16bf\" data-element_type=\"widget\" data-e-type=\"widget\" data-widget_type=\"text-editor.default\">\n\t\t\t\t<div class=\"elementor-widget-container\">\n\t\t\t\t\t\t\t\t\t<p>Un miembro de nuestro equipo se pondr\u00e1 en contacto contigo lo antes posible. Puedes seguir navegando por el sitio o visitar nuestros recursos recientes para obtener m\u00e1s informaci\u00f3n. <\/p>\n\t\t\t\t\t\t\t\t<\/div>\n\t\t\t\t<\/div>\n\t\t\t\t\t<\/div>\n\t\t\t\t<\/div>\n\t\t<div class=\"elementor-element elementor-element-6463cc2 e-flex e-con-boxed e-con e-parent\" data-id=\"6463cc2\" data-element_type=\"container\" data-e-type=\"container\">\n\t\t\t\t\t<div class=\"e-con-inner\">\n\t\t\t\t<div class=\"elementor-element elementor-element-2ebd076 elementor-widget elementor-widget-heading\" data-id=\"2ebd076\" data-element_type=\"widget\" data-e-type=\"widget\" data-widget_type=\"heading.default\">\n\t\t\t\t<div class=\"elementor-widget-container\">\n\t\t\t\t\t<h2 class=\"elementor-heading-title elementor-size-default\">Consulta nuestros \u00faltimos recursos\n<\/h2>\t\t\t\t<\/div>\n\t\t\t\t<\/div>\n\t\t\t\t<div class=\"elementor-element elementor-element-382adb6 elementor-grid-3 elementor-grid-tablet-2 elementor-grid-mobile-1 elementor-widget elementor-widget-loop-grid\" data-id=\"382adb6\" data-element_type=\"widget\" data-e-type=\"widget\" data-settings=\"{&quot;template_id&quot;:7316,&quot;_skin&quot;:&quot;post&quot;,&quot;columns&quot;:&quot;3&quot;,&quot;columns_tablet&quot;:&quot;2&quot;,&quot;columns_mobile&quot;:&quot;1&quot;,&quot;edit_handle_selector&quot;:&quot;[data-elementor-type=\\&quot;loop-item\\&quot;]&quot;,&quot;row_gap&quot;:{&quot;unit&quot;:&quot;px&quot;,&quot;size&quot;:&quot;&quot;,&quot;sizes&quot;:[]},&quot;row_gap_tablet&quot;:{&quot;unit&quot;:&quot;px&quot;,&quot;size&quot;:&quot;&quot;,&quot;sizes&quot;:[]},&quot;row_gap_mobile&quot;:{&quot;unit&quot;:&quot;px&quot;,&quot;size&quot;:&quot;&quot;,&quot;sizes&quot;:[]}}\" data-widget_type=\"loop-grid.post\">\n\t\t\t\t<div class=\"elementor-widget-container\">\n\t\t\t\t\t\t\t<div class=\"elementor-loop-container elementor-grid\" role=\"list\">\n\t\t<style id=\"loop-7316\">.elementor-7316 .elementor-element.elementor-element-2436b538{--display:flex;--flex-direction:column;--container-widget-width:100%;--container-widget-height:initial;--container-widget-flex-grow:0;--container-widget-align-self:initial;--flex-wrap-mobile:wrap;--gap:10px 10px;--row-gap:10px;--column-gap:10px;--border-radius:20px 20px 20px 20px;box-shadow:0px 4px 44px 0px rgba(0, 0, 0, 0.1);--padding-top:0px;--padding-bottom:0px;--padding-left:0px;--padding-right:0px;}.elementor-7316 .elementor-element.elementor-element-2436b538:hover{box-shadow:0px 2px 25px 0px rgba(0, 0, 0, 0.2);}.elementor-7316 .elementor-element.elementor-element-3be12b36 img{width:100%;height:260px;object-fit:cover;object-position:center center;filter:brightness( 100% ) contrast( 100% ) saturate( 100% ) blur( 0px ) hue-rotate( 0deg );transition-duration:0.3s;border-radius:15px 15px 0px 0px;}.elementor-7316 .elementor-element.elementor-element-3be12b36:hover img{filter:brightness( 105% ) contrast( 100% ) saturate( 105% ) blur( 0px ) hue-rotate( 0deg );}.elementor-7316 .elementor-element.elementor-element-3be12b36 > .elementor-widget-container{margin:0px 0px 0px 0px;padding:0px 0px 0px 0px;}.elementor-7316 .elementor-element.elementor-element-3be12b36{width:100%;max-width:100%;}.elementor-7316 .elementor-element.elementor-element-6eb493f{--display:flex;--padding-top:20px;--padding-bottom:50px;--padding-left:20px;--padding-right:20px;}.elementor-7316 .elementor-element.elementor-element-19b6bea{--display:flex;--flex-direction:row;--container-widget-width:calc( ( 1 - var( --container-widget-flex-grow ) ) * 100% );--container-widget-height:100%;--container-widget-flex-grow:1;--container-widget-align-self:stretch;--flex-wrap-mobile:wrap;--justify-content:flex-start;--align-items:center;--margin-top:0px;--margin-bottom:0px;--margin-left:0px;--margin-right:0px;--padding-top:0px;--padding-bottom:0px;--padding-left:0px;--padding-right:0px;}.elementor-7316 .elementor-element.elementor-element-19b6bea.e-con{--align-self:flex-start;}.elementor-7316 .elementor-element.elementor-element-28eee39 .elementor-icon-box-wrapper{align-items:center;text-align:start;gap:9px;}.elementor-7316 .elementor-element.elementor-element-28eee39 .elementor-icon-box-title{margin-block-end:8px;color:var( --e-global-color-46fd70a );}.elementor-7316 .elementor-element.elementor-element-28eee39.elementor-view-stacked .elementor-icon{background-color:var( --e-global-color-primary );}.elementor-7316 .elementor-element.elementor-element-28eee39.elementor-view-framed .elementor-icon, .elementor-7316 .elementor-element.elementor-element-28eee39.elementor-view-default .elementor-icon{fill:var( --e-global-color-primary );color:var( --e-global-color-primary );border-color:var( --e-global-color-primary );}.elementor-7316 .elementor-element.elementor-element-28eee39 .elementor-icon{font-size:14px;}.elementor-7316 .elementor-element.elementor-element-28eee39 .elementor-icon-box-title, .elementor-7316 .elementor-element.elementor-element-28eee39 .elementor-icon-box-title a{font-size:15px;}.elementor-7316 .elementor-element.elementor-element-8669269 .elementor-icon-box-wrapper{align-items:center;gap:10px;}.elementor-7316 .elementor-element.elementor-element-8669269 .elementor-icon-box-title{margin-block-end:8px;color:var( --e-global-color-46fd70a );}.elementor-7316 .elementor-element.elementor-element-8669269.elementor-view-stacked .elementor-icon{background-color:var( --e-global-color-primary );}.elementor-7316 .elementor-element.elementor-element-8669269.elementor-view-framed .elementor-icon, .elementor-7316 .elementor-element.elementor-element-8669269.elementor-view-default .elementor-icon{fill:var( --e-global-color-primary );color:var( --e-global-color-primary );border-color:var( --e-global-color-primary );}.elementor-7316 .elementor-element.elementor-element-8669269 .elementor-icon{font-size:14px;}.elementor-7316 .elementor-element.elementor-element-8669269 .elementor-icon-box-title, .elementor-7316 .elementor-element.elementor-element-8669269 .elementor-icon-box-title a{font-size:16px;}.elementor-7316 .elementor-element.elementor-element-6f0a0d88 .elementor-heading-title{font-family:\"Poppins\", Sans-serif;font-size:32px;font-weight:500;text-transform:none;font-style:normal;text-decoration:none;line-height:1.2em;letter-spacing:-0.04em;word-spacing:0em;color:#181818;}.elementor-7316 .elementor-element.elementor-element-69dcced5 .elementor-widget-container{font-family:\"Poppins\", Sans-serif;font-size:18px;font-weight:400;text-transform:none;font-style:normal;text-decoration:none;line-height:1.5em;letter-spacing:-0.01em;word-spacing:0em;color:var( --e-global-color-46fd70a );}@media(max-width:1024px){.elementor-7316 .elementor-element.elementor-element-3be12b36 img{height:200px;}.elementor-7316 .elementor-element.elementor-element-69dcced5 .elementor-widget-container{font-size:14px;}}@media(max-width:767px){.elementor-7316 .elementor-element.elementor-element-3be12b36 img{height:168px;}.elementor-7316 .elementor-element.elementor-element-6f0a0d88{text-align:start;}.elementor-7316 .elementor-element.elementor-element-6f0a0d88 .elementor-heading-title{font-size:27px;}.elementor-7316 .elementor-element.elementor-element-69dcced5 .elementor-widget-container{text-align:left;font-size:13px;}}\/* Start custom CSS for container, class: .elementor-element-19b6bea *\/.elementor-7316 .elementor-element.elementor-element-19b6bea .elementor-icon-box-wrapper{\n    align-items: center;\n}\/* End custom CSS *\/<\/style>\t\t<div data-elementor-type=\"loop-item\" data-elementor-id=\"7316\" class=\"elementor elementor-7316 e-loop-item e-loop-item-11034 post-11034 post type-post status-publish format-standard has-post-thumbnail hentry category-uncategorized\" data-elementor-post-type=\"elementor_library\" data-custom-edit-handle=\"1\">\n\t\t\t<a class=\"elementor-element elementor-element-2436b538 e-con-full e-flex e-con e-parent\" data-id=\"2436b538\" data-element_type=\"container\" data-e-type=\"container\" href=\"https:\/\/beaconlab.us\/es\/edr-freeze-la-nueva-tecnica-que-congela-tus-ciber-defensas\/\">\n\t\t\t\t<div class=\"elementor-element elementor-element-3be12b36 elementor-widget__width-inherit elementor-widget elementor-widget-theme-post-featured-image elementor-widget-image\" data-id=\"3be12b36\" data-element_type=\"widget\" data-e-type=\"widget\" data-widget_type=\"theme-post-featured-image.default\">\n\t\t\t\t<div class=\"elementor-widget-container\">\n\t\t\t\t\t\t\t\t\t\t\t\t\t\t\t<img fetchpriority=\"high\" decoding=\"async\" width=\"1600\" height=\"900\" src=\"https:\/\/beaconlab.us\/wp-content\/uploads\/2025\/10\/Critical-LangChainGo-Vulnerability-29-1-1.jpg\" class=\"attachment-full size-full wp-image-11039\" alt=\"\" srcset=\"https:\/\/beaconlab.us\/wp-content\/uploads\/2025\/10\/Critical-LangChainGo-Vulnerability-29-1-1.jpg 1600w, https:\/\/beaconlab.us\/wp-content\/uploads\/2025\/10\/Critical-LangChainGo-Vulnerability-29-1-1-300x169.jpg 300w, https:\/\/beaconlab.us\/wp-content\/uploads\/2025\/10\/Critical-LangChainGo-Vulnerability-29-1-1-1024x576.jpg 1024w, https:\/\/beaconlab.us\/wp-content\/uploads\/2025\/10\/Critical-LangChainGo-Vulnerability-29-1-1-768x432.jpg 768w, https:\/\/beaconlab.us\/wp-content\/uploads\/2025\/10\/Critical-LangChainGo-Vulnerability-29-1-1-1536x864.jpg 1536w\" sizes=\"(max-width: 1600px) 100vw, 1600px\" \/>\t\t\t\t\t\t\t\t\t\t\t\t\t\t\t<\/div>\n\t\t\t\t<\/div>\n\t\t<div class=\"elementor-element elementor-element-6eb493f e-con-full e-flex e-con e-child\" data-id=\"6eb493f\" data-element_type=\"container\" data-e-type=\"container\">\n\t\t<div class=\"elementor-element elementor-element-19b6bea e-con-full e-flex e-con e-child\" data-id=\"19b6bea\" data-element_type=\"container\" data-e-type=\"container\">\n\t\t\t\t<div class=\"elementor-element elementor-element-28eee39 elementor-position-inline-start elementor-mobile-position-inline-start elementor-view-default elementor-widget elementor-widget-icon-box\" data-id=\"28eee39\" data-element_type=\"widget\" data-e-type=\"widget\" data-widget_type=\"icon-box.default\">\n\t\t\t\t<div class=\"elementor-widget-container\">\n\t\t\t\t\t\t\t<div class=\"elementor-icon-box-wrapper\">\n\n\t\t\t\t\t\t<div class=\"elementor-icon-box-icon\">\n\t\t\t\t<span  class=\"elementor-icon\">\n\t\t\t\t<i aria-hidden=\"true\" class=\"fas fa-user\"><\/i>\t\t\t\t<\/span>\n\t\t\t<\/div>\n\t\t\t\n\t\t\t\t\t\t<div class=\"elementor-icon-box-content\">\n\n\t\t\t\t\t\t\t\t\t<h3 class=\"elementor-icon-box-title\">\n\t\t\t\t\t\t<span  >\n\t\t\t\t\t\t\tEdgar Danchez\t\t\t\t\t\t<\/span>\n\t\t\t\t\t<\/h3>\n\t\t\t\t\n\t\t\t\t\n\t\t\t<\/div>\n\t\t\t\n\t\t<\/div>\n\t\t\t\t\t\t<\/div>\n\t\t\t\t<\/div>\n\t\t\t\t<div class=\"elementor-element elementor-element-8669269 elementor-position-inline-start elementor-mobile-position-inline-start elementor-view-default elementor-widget elementor-widget-icon-box\" data-id=\"8669269\" data-element_type=\"widget\" data-e-type=\"widget\" data-widget_type=\"icon-box.default\">\n\t\t\t\t<div class=\"elementor-widget-container\">\n\t\t\t\t\t\t\t<div class=\"elementor-icon-box-wrapper\">\n\n\t\t\t\t\t\t<div class=\"elementor-icon-box-icon\">\n\t\t\t\t<span  class=\"elementor-icon\">\n\t\t\t\t<i aria-hidden=\"true\" class=\"fas fa-calendar-check\"><\/i>\t\t\t\t<\/span>\n\t\t\t<\/div>\n\t\t\t\n\t\t\t\t\t\t<div class=\"elementor-icon-box-content\">\n\n\t\t\t\t\t\t\t\t\t<h3 class=\"elementor-icon-box-title\">\n\t\t\t\t\t\t<span  >\n\t\t\t\t\t\t\toctubre 1, 2025\t\t\t\t\t\t<\/span>\n\t\t\t\t\t<\/h3>\n\t\t\t\t\n\t\t\t\t\n\t\t\t<\/div>\n\t\t\t\n\t\t<\/div>\n\t\t\t\t\t\t<\/div>\n\t\t\t\t<\/div>\n\t\t\t\t<\/div>\n\t\t\t\t<div class=\"elementor-element elementor-element-6f0a0d88 elementor-widget elementor-widget-theme-post-title elementor-page-title elementor-widget-heading\" data-id=\"6f0a0d88\" data-element_type=\"widget\" data-e-type=\"widget\" data-widget_type=\"theme-post-title.default\">\n\t\t\t\t<div class=\"elementor-widget-container\">\n\t\t\t\t\t<h4 class=\"elementor-heading-title elementor-size-default\">EDR-Freeze: la nueva t\u00e9cnica que congela tus ciber defensas<\/h4>\t\t\t\t<\/div>\n\t\t\t\t<\/div>\n\t\t\t\t<div class=\"elementor-element elementor-element-69dcced5 elementor-widget elementor-widget-theme-post-excerpt\" data-id=\"69dcced5\" data-element_type=\"widget\" data-e-type=\"widget\" data-widget_type=\"theme-post-excerpt.default\">\n\t\t\t\t<div class=\"elementor-widget-container\">\n\t\t\t\t\t<p>Una reciente prueba de concepto llamada EDR-Freeze demuestra c\u00f3mo un atacante puede poner en \u201ccoma\u201d a los procesos de EDR o antivirus usando componentes leg\u00edtimos de Windows, sin necesidad de\t\t\t\t<\/div>\n\t\t\t\t<\/div>\n\t\t\t\t<\/div>\n\t\t\t\t<\/a>\n\t\t\t\t<\/div>\n\t\t\t\t<div data-elementor-type=\"loop-item\" data-elementor-id=\"7316\" class=\"elementor elementor-7316 e-loop-item e-loop-item-10979 post-10979 post type-post status-publish format-standard hentry category-uncategorized\" data-elementor-post-type=\"elementor_library\" data-custom-edit-handle=\"1\">\n\t\t\t<a class=\"elementor-element elementor-element-2436b538 e-con-full e-flex e-con e-parent\" data-id=\"2436b538\" data-element_type=\"container\" data-e-type=\"container\" href=\"https:\/\/beaconlab.us\/es\/esto-es-un-articulo-de-prueba\/\">\n\t\t<div class=\"elementor-element elementor-element-6eb493f e-con-full e-flex e-con e-child\" data-id=\"6eb493f\" data-element_type=\"container\" data-e-type=\"container\">\n\t\t<div class=\"elementor-element elementor-element-19b6bea e-con-full e-flex e-con e-child\" data-id=\"19b6bea\" data-element_type=\"container\" data-e-type=\"container\">\n\t\t\t\t<div class=\"elementor-element elementor-element-28eee39 elementor-position-inline-start elementor-mobile-position-inline-start elementor-view-default elementor-widget elementor-widget-icon-box\" data-id=\"28eee39\" data-element_type=\"widget\" data-e-type=\"widget\" data-widget_type=\"icon-box.default\">\n\t\t\t\t<div class=\"elementor-widget-container\">\n\t\t\t\t\t\t\t<div class=\"elementor-icon-box-wrapper\">\n\n\t\t\t\t\t\t<div class=\"elementor-icon-box-icon\">\n\t\t\t\t<span  class=\"elementor-icon\">\n\t\t\t\t<i aria-hidden=\"true\" class=\"fas fa-user\"><\/i>\t\t\t\t<\/span>\n\t\t\t<\/div>\n\t\t\t\n\t\t\t\t\t\t<div class=\"elementor-icon-box-content\">\n\n\t\t\t\t\t\t\t\t\t<h3 class=\"elementor-icon-box-title\">\n\t\t\t\t\t\t<span  >\n\t\t\t\t\t\t\tJose Atencio\t\t\t\t\t\t<\/span>\n\t\t\t\t\t<\/h3>\n\t\t\t\t\n\t\t\t\t\n\t\t\t<\/div>\n\t\t\t\n\t\t<\/div>\n\t\t\t\t\t\t<\/div>\n\t\t\t\t<\/div>\n\t\t\t\t<div class=\"elementor-element elementor-element-8669269 elementor-position-inline-start elementor-mobile-position-inline-start elementor-view-default elementor-widget elementor-widget-icon-box\" data-id=\"8669269\" data-element_type=\"widget\" data-e-type=\"widget\" data-widget_type=\"icon-box.default\">\n\t\t\t\t<div class=\"elementor-widget-container\">\n\t\t\t\t\t\t\t<div class=\"elementor-icon-box-wrapper\">\n\n\t\t\t\t\t\t<div class=\"elementor-icon-box-icon\">\n\t\t\t\t<span  class=\"elementor-icon\">\n\t\t\t\t<i aria-hidden=\"true\" class=\"fas fa-calendar-check\"><\/i>\t\t\t\t<\/span>\n\t\t\t<\/div>\n\t\t\t\n\t\t\t\t\t\t<div class=\"elementor-icon-box-content\">\n\n\t\t\t\t\t\t\t\t\t<h3 class=\"elementor-icon-box-title\">\n\t\t\t\t\t\t<span  >\n\t\t\t\t\t\t\tagosto 18, 2025\t\t\t\t\t\t<\/span>\n\t\t\t\t\t<\/h3>\n\t\t\t\t\n\t\t\t\t\n\t\t\t<\/div>\n\t\t\t\n\t\t<\/div>\n\t\t\t\t\t\t<\/div>\n\t\t\t\t<\/div>\n\t\t\t\t<\/div>\n\t\t\t\t<div class=\"elementor-element elementor-element-6f0a0d88 elementor-widget elementor-widget-theme-post-title elementor-page-title elementor-widget-heading\" data-id=\"6f0a0d88\" data-element_type=\"widget\" data-e-type=\"widget\" data-widget_type=\"theme-post-title.default\">\n\t\t\t\t<div class=\"elementor-widget-container\">\n\t\t\t\t\t<h4 class=\"elementor-heading-title elementor-size-default\">Esto es un articulo de prueba<\/h4>\t\t\t\t<\/div>\n\t\t\t\t<\/div>\n\t\t\t\t<div class=\"elementor-element elementor-element-69dcced5 elementor-widget elementor-widget-theme-post-excerpt\" data-id=\"69dcced5\" data-element_type=\"widget\" data-e-type=\"widget\" data-widget_type=\"theme-post-excerpt.default\">\n\t\t\t\t<div class=\"elementor-widget-container\">\n\t\t\t\t\t<p>\ud83d\udd10 10 Tips de Ciberseguridad para Protegerte en el Mundo Digital La ciberseguridad no es solo para empresas, \u00a1todos necesitamos buenas pr\u00e1cticas para mantenernos seguros en l\u00ednea! Aqu\u00ed te dejamos\t\t\t\t<\/div>\n\t\t\t\t<\/div>\n\t\t\t\t<\/div>\n\t\t\t\t<\/a>\n\t\t\t\t<\/div>\n\t\t\t\t<div data-elementor-type=\"loop-item\" data-elementor-id=\"7316\" class=\"elementor elementor-7316 e-loop-item e-loop-item-10734 post-10734 post type-post status-publish format-standard has-post-thumbnail hentry category-uncategorized\" data-elementor-post-type=\"elementor_library\" data-custom-edit-handle=\"1\">\n\t\t\t<a class=\"elementor-element elementor-element-2436b538 e-con-full e-flex e-con e-parent\" data-id=\"2436b538\" data-element_type=\"container\" data-e-type=\"container\" href=\"https:\/\/beaconlab.us\/es\/operacion-de-takedown-sobre-malware-lumma-stealer\/\">\n\t\t\t\t<div class=\"elementor-element elementor-element-3be12b36 elementor-widget__width-inherit elementor-widget elementor-widget-theme-post-featured-image elementor-widget-image\" data-id=\"3be12b36\" data-element_type=\"widget\" data-e-type=\"widget\" data-widget_type=\"theme-post-featured-image.default\">\n\t\t\t\t<div class=\"elementor-widget-container\">\n\t\t\t\t\t\t\t\t\t\t\t\t\t\t\t<img decoding=\"async\" width=\"1024\" height=\"1024\" src=\"https:\/\/beaconlab.us\/wp-content\/uploads\/2025\/05\/78821b98-94d9-4194-b789-616e64cacf1a.png\" class=\"attachment-full size-full wp-image-10764\" alt=\"\" srcset=\"https:\/\/beaconlab.us\/wp-content\/uploads\/2025\/05\/78821b98-94d9-4194-b789-616e64cacf1a.png 1024w, https:\/\/beaconlab.us\/wp-content\/uploads\/2025\/05\/78821b98-94d9-4194-b789-616e64cacf1a-300x300.png 300w, https:\/\/beaconlab.us\/wp-content\/uploads\/2025\/05\/78821b98-94d9-4194-b789-616e64cacf1a-150x150.png 150w, https:\/\/beaconlab.us\/wp-content\/uploads\/2025\/05\/78821b98-94d9-4194-b789-616e64cacf1a-768x768.png 768w\" sizes=\"(max-width: 1024px) 100vw, 1024px\" \/>\t\t\t\t\t\t\t\t\t\t\t\t\t\t\t<\/div>\n\t\t\t\t<\/div>\n\t\t<div class=\"elementor-element elementor-element-6eb493f e-con-full e-flex e-con e-child\" data-id=\"6eb493f\" data-element_type=\"container\" data-e-type=\"container\">\n\t\t<div class=\"elementor-element elementor-element-19b6bea e-con-full e-flex e-con e-child\" data-id=\"19b6bea\" data-element_type=\"container\" data-e-type=\"container\">\n\t\t\t\t<div class=\"elementor-element elementor-element-28eee39 elementor-position-inline-start elementor-mobile-position-inline-start elementor-view-default elementor-widget elementor-widget-icon-box\" data-id=\"28eee39\" data-element_type=\"widget\" data-e-type=\"widget\" data-widget_type=\"icon-box.default\">\n\t\t\t\t<div class=\"elementor-widget-container\">\n\t\t\t\t\t\t\t<div class=\"elementor-icon-box-wrapper\">\n\n\t\t\t\t\t\t<div class=\"elementor-icon-box-icon\">\n\t\t\t\t<span  class=\"elementor-icon\">\n\t\t\t\t<i aria-hidden=\"true\" class=\"fas fa-user\"><\/i>\t\t\t\t<\/span>\n\t\t\t<\/div>\n\t\t\t\n\t\t\t\t\t\t<div class=\"elementor-icon-box-content\">\n\n\t\t\t\t\t\t\t\t\t<h3 class=\"elementor-icon-box-title\">\n\t\t\t\t\t\t<span  >\n\t\t\t\t\t\t\tRaul B. Netto\t\t\t\t\t\t<\/span>\n\t\t\t\t\t<\/h3>\n\t\t\t\t\n\t\t\t\t\n\t\t\t<\/div>\n\t\t\t\n\t\t<\/div>\n\t\t\t\t\t\t<\/div>\n\t\t\t\t<\/div>\n\t\t\t\t<div class=\"elementor-element elementor-element-8669269 elementor-position-inline-start elementor-mobile-position-inline-start elementor-view-default elementor-widget elementor-widget-icon-box\" data-id=\"8669269\" data-element_type=\"widget\" data-e-type=\"widget\" data-widget_type=\"icon-box.default\">\n\t\t\t\t<div class=\"elementor-widget-container\">\n\t\t\t\t\t\t\t<div class=\"elementor-icon-box-wrapper\">\n\n\t\t\t\t\t\t<div class=\"elementor-icon-box-icon\">\n\t\t\t\t<span  class=\"elementor-icon\">\n\t\t\t\t<i aria-hidden=\"true\" class=\"fas fa-calendar-check\"><\/i>\t\t\t\t<\/span>\n\t\t\t<\/div>\n\t\t\t\n\t\t\t\t\t\t<div class=\"elementor-icon-box-content\">\n\n\t\t\t\t\t\t\t\t\t<h3 class=\"elementor-icon-box-title\">\n\t\t\t\t\t\t<span  >\n\t\t\t\t\t\t\tmayo 22, 2025\t\t\t\t\t\t<\/span>\n\t\t\t\t\t<\/h3>\n\t\t\t\t\n\t\t\t\t\n\t\t\t<\/div>\n\t\t\t\n\t\t<\/div>\n\t\t\t\t\t\t<\/div>\n\t\t\t\t<\/div>\n\t\t\t\t<\/div>\n\t\t\t\t<div class=\"elementor-element elementor-element-6f0a0d88 elementor-widget elementor-widget-theme-post-title elementor-page-title elementor-widget-heading\" data-id=\"6f0a0d88\" data-element_type=\"widget\" data-e-type=\"widget\" data-widget_type=\"theme-post-title.default\">\n\t\t\t\t<div class=\"elementor-widget-container\">\n\t\t\t\t\t<h4 class=\"elementor-heading-title elementor-size-default\">Operaci\u00f3n de Takedown sobre malware Lumma Stealer<\/h4>\t\t\t\t<\/div>\n\t\t\t\t<\/div>\n\t\t\t\t<div class=\"elementor-element elementor-element-69dcced5 elementor-widget elementor-widget-theme-post-excerpt\" data-id=\"69dcced5\" data-element_type=\"widget\" data-e-type=\"widget\" data-widget_type=\"theme-post-excerpt.default\">\n\t\t\t\t<div class=\"elementor-widget-container\">\n\t\t\t\t\t<p>Una operaci\u00f3n de takedown se llevo acab\u00f3 para desarticular la infraestructura utilizada por el malware stealer llamado Lumma, dicha operaci\u00f3n fue liderada por la Unidad de Delitos Digitales (DCU) de\t\t\t\t<\/div>\n\t\t\t\t<\/div>\n\t\t\t\t<\/div>\n\t\t\t\t<\/a>\n\t\t\t\t<\/div>\n\t\t\t\t<\/div>\n\t\t\n\t\t\t\t\t\t<\/div>\n\t\t\t\t<\/div>\n\t\t\t\t<div class=\"elementor-element elementor-element-c3b3dc9 elementor-widget elementor-widget-button\" data-id=\"c3b3dc9\" data-element_type=\"widget\" data-e-type=\"widget\" data-widget_type=\"button.default\">\n\t\t\t\t<div class=\"elementor-widget-container\">\n\t\t\t\t\t\t\t\t\t<div class=\"elementor-button-wrapper\">\n\t\t\t\t\t<a class=\"elementor-button elementor-button-link elementor-size-sm\" href=\"https:\/es\/articulos\/\">\n\t\t\t\t\t\t<span class=\"elementor-button-content-wrapper\">\n\t\t\t\t\t\t\t\t\t<span class=\"elementor-button-text\">Ver m\u00e1s contenido<\/span>\n\t\t\t\t\t<\/span>\n\t\t\t\t\t<\/a>\n\t\t\t\t<\/div>\n\t\t\t\t\t\t\t\t<\/div>\n\t\t\t\t<\/div>\n\t\t\t\t\t<\/div>\n\t\t\t\t<\/div>\n\t\t\t\t<\/div>\n\t\t","protected":false},"excerpt":{"rendered":"<p>Tu mensaje se ha enviado correctamente Un miembro de nuestro equipo se pondr\u00e1 en contacto contigo lo antes posible. Puedes seguir navegando por el sitio o visitar nuestros recursos recientes para obtener m\u00e1s informaci\u00f3n. Consulta nuestros \u00faltimos recursos Ver m\u00e1s contenido<\/p>\n","protected":false},"author":11,"featured_media":0,"parent":974,"menu_order":0,"comment_status":"closed","ping_status":"closed","template":"","meta":{"_acf_changed":false,"_monsterinsights_skip_tracking":false,"_monsterinsights_sitenote_active":false,"_monsterinsights_sitenote_note":"","_monsterinsights_sitenote_category":0,"footnotes":""},"class_list":["post-10014","page","type-page","status-publish","hentry"],"acf":[],"aioseo_notices":[],"_links":{"self":[{"href":"https:\/\/beaconlab.us\/es\/wp-json\/wp\/v2\/pages\/10014","targetHints":{"allow":["GET"]}}],"collection":[{"href":"https:\/\/beaconlab.us\/es\/wp-json\/wp\/v2\/pages"}],"about":[{"href":"https:\/\/beaconlab.us\/es\/wp-json\/wp\/v2\/types\/page"}],"author":[{"embeddable":true,"href":"https:\/\/beaconlab.us\/es\/wp-json\/wp\/v2\/users\/11"}],"replies":[{"embeddable":true,"href":"https:\/\/beaconlab.us\/es\/wp-json\/wp\/v2\/comments?post=10014"}],"version-history":[{"count":8,"href":"https:\/\/beaconlab.us\/es\/wp-json\/wp\/v2\/pages\/10014\/revisions"}],"predecessor-version":[{"id":10044,"href":"https:\/\/beaconlab.us\/es\/wp-json\/wp\/v2\/pages\/10014\/revisions\/10044"}],"up":[{"embeddable":true,"href":"https:\/\/beaconlab.us\/es\/wp-json\/wp\/v2\/pages\/974"}],"wp:attachment":[{"href":"https:\/\/beaconlab.us\/es\/wp-json\/wp\/v2\/media?parent=10014"}],"curies":[{"name":"wp","href":"https:\/\/api.w.org\/{rel}","templated":true}]}}